{"id":16,"date":"2024-01-21T01:31:54","date_gmt":"2024-01-21T00:31:54","guid":{"rendered":"https:\/\/c2v2holdingllc.com\/?page_id=16"},"modified":"2024-03-05T04:36:20","modified_gmt":"2024-03-05T03:36:20","slug":"noticias","status":"publish","type":"page","link":"https:\/\/c2v2holdingllc.com\/index.php\/noticias\/","title":{"rendered":"Noticias"},"content":{"rendered":"\n\t<section class=\"section dark\" id=\"section_1356435849\">\n\t\t<div class=\"bg section-bg fill bg-fill  \" >\n\n\t\t\t\n\t\t\t<div class=\"section-bg-overlay absolute fill\"><\/div>\n\t\t\t\n\n\t\t<\/div>\n\n\t\t\n\n\t\t<div class=\"section-content relative\">\n\t\t\t\n\n<div class=\"row row-collapse align-center\"  id=\"row-1422192211\">\n\n\n\t<div id=\"col-1102422261\" class=\"col medium-6 small-10 large-5\"  >\n\t\t\t\t<div class=\"col-inner text-center\" style=\"background-color:#e1cfac;\" >\n\t\t\t\n\t\t\t\n\n\t<div id=\"text-1766631603\" class=\"text\">\n\t\t\n\n<h2>Noticias de Inter\u00e9s<\/h2>\n<p>En un mundo cada vez m\u00e1s complejo y reglamentado, los servicios tributarios son una pieza esencial en el escenario financiero de cualquier empresa o individuo. Al abordar aspectos cr\u00edticos como el cumplimiento fiscal y la optimizaci\u00f3n de impuestos, estos profesionales brindan la orientaci\u00f3n necesaria para enfrentar desaf\u00edos econ\u00f3micos con seguridad y \u00e9xito.<\/p>\n\t\t\n<style>\n#text-1766631603 {\n  color: rgb(0,0,0);\n}\n#text-1766631603 > * {\n  color: rgb(0,0,0);\n}\n<\/style>\n\t<\/div>\n\t\n\n\t\t<\/div>\n\t\t\t\t\t<\/div>\n\n\t\n\n\n<style>\n#row-1422192211 > .col > .col-inner {\n  padding: 100px 40px 100px 40px;\n}\n@media (min-width:550px) {\n  #row-1422192211 > .col > .col-inner {\n    padding: 120px 40px 120px 40px;\n  }\n}\n@media (min-width:850px) {\n  #row-1422192211 > .col > .col-inner {\n    padding: 140px 40px 140px 40px;\n  }\n}\n<\/style>\n<\/div>\n\n\t\t<\/div>\n\n\t\t\n<style>\n#section_1356435849 {\n  padding-top: 0px;\n  padding-bottom: 0px;\n}\n#section_1356435849 .section-bg-overlay {\n  background-color: rgba(0,0,0,.5);\n}\n#section_1356435849 .section-bg.bg-loaded {\n  background-image: url(https:\/\/c2v2holdingllc.com\/wp-content\/uploads\/2024\/03\/pexels-picography-4458-scaled.jpg);\n}\n#section_1356435849 .section-bg {\n  background-position: 50% 43%;\n}\n<\/style>\n\t<\/section>\n\t\n\t<section class=\"section dark\" id=\"section_1993123076\">\n\t\t<div class=\"bg section-bg fill bg-fill  bg-loaded\" >\n\n\t\t\t\n\t\t\t<div class=\"section-bg-overlay absolute fill\"><\/div>\n\t\t\t\n\n\t\t<\/div>\n\n\t\t\n\n\t\t<div class=\"section-content relative\">\n\t\t\t\n\n\n  \n    <div class=\"row large-columns-3 medium-columns-1 small-columns-1 slider row-slider slider-nav-reveal slider-nav-push\"  data-flickity-options='{\"imagesLoaded\": true, \"groupCells\": \"100%\", \"dragThreshold\" : 5, \"cellAlign\": \"left\",\"wrapAround\": true,\"prevNextButtons\": true,\"percentPosition\": true,\"pageDots\": false, \"rightToLeft\": false, \"autoPlay\" : false}' >\n\n  <div class=\"col post-item\" >\n\t\t\t<div class=\"col-inner\">\n\t\t\t\t<div class=\"box box-normal box-text-bottom box-blog-post has-hover\">\n            \t\t\t\t\t<div class=\"box-image\" >\n  \t\t\t\t\t\t<div class=\"image-cover\" style=\"padding-top:56.25%;\">\n\t\t\t\t\t\t\t<a href=\"https:\/\/c2v2holdingllc.com\/index.php\/2024\/03\/01\/aspectos-a-tener-en-cuenta-al-momento-de-comprar-activos-en-eeuu\/\" class=\"plain\" aria-label=\"Aspectos a tener en cuenta al momento de comprar Activos en EEUU\">\n\t\t\t\t\t\t\t\t<img loading=\"lazy\" decoding=\"async\" width=\"300\" height=\"300\" src=\"https:\/\/c2v2holdingllc.com\/wp-content\/uploads\/2024\/03\/Foto-Noticia-5-aspectos-a-tener-en-cuenta-al-comprar-Activos-300x300.png\" class=\"attachment-medium size-medium wp-post-image\" alt=\"\" srcset=\"https:\/\/c2v2holdingllc.com\/wp-content\/uploads\/2024\/03\/Foto-Noticia-5-aspectos-a-tener-en-cuenta-al-comprar-Activos-300x300.png 300w, https:\/\/c2v2holdingllc.com\/wp-content\/uploads\/2024\/03\/Foto-Noticia-5-aspectos-a-tener-en-cuenta-al-comprar-Activos-150x150.png 150w, https:\/\/c2v2holdingllc.com\/wp-content\/uploads\/2024\/03\/Foto-Noticia-5-aspectos-a-tener-en-cuenta-al-comprar-Activos.png 500w\" sizes=\"(max-width: 300px) 100vw, 300px\" \/>\t\t\t\t\t\t\t<\/a>\n  \t\t\t\t\t\t\t  \t\t\t\t\t\t\t  \t\t\t\t\t\t<\/div>\n  \t\t\t\t\t\t  \t\t\t\t\t<\/div>\n          \t\t\t\t\t<div class=\"box-text text-center\" style=\"background-color:#202630;\">\n\t\t\t\t\t<div class=\"box-text-inner blog-post-inner\">\n\n\t\t\t\t\t\n\t\t\t\t\t\t\t\t\t\t<h5 class=\"post-title is-large \">\n\t\t\t\t\t\t<a href=\"https:\/\/c2v2holdingllc.com\/index.php\/2024\/03\/01\/aspectos-a-tener-en-cuenta-al-momento-de-comprar-activos-en-eeuu\/\" class=\"plain\">Aspectos a tener en cuenta al momento de comprar Activos en EEUU<\/a>\n\t\t\t\t\t<\/h5>\n\t\t\t\t\t\t\t\t\t\t<div class=\"is-divider\"><\/div>\n\t\t\t\t\t\t\t\t\t\t<p class=\"from_the_blog_excerpt \">\n\t\t\t\t\t\tCuando un extranjero no residente invierte en activos ubicados en territorio estadounidense, es importante que [...]\t\t\t\t\t<\/p>\n\t\t\t\t\t                    \n\t\t\t\t\t\n\t\t\t\t\t\n\t\t\t\t\t<\/div>\n\t\t\t\t\t<\/div>\n\t\t\t\t\t\t\t\t\t\t\t\t\t\t\t\t<div class=\"badge absolute top post-date badge-outline\">\n\t\t\t\t\t\t\t<div class=\"badge-inner\">\n\t\t\t\t\t\t\t\t<span class=\"post-date-day\">01<\/span><br>\n\t\t\t\t\t\t\t\t<span class=\"post-date-month is-xsmall\">Mar<\/span>\n\t\t\t\t\t\t\t<\/div>\n\t\t\t\t\t\t<\/div>\n\t\t\t\t\t\t\t\t\t<\/div>\n\t\t\t<\/div>\n\t\t<\/div><div class=\"col post-item\" >\n\t\t\t<div class=\"col-inner\">\n\t\t\t\t<div class=\"box box-normal box-text-bottom box-blog-post has-hover\">\n            \t\t\t\t\t<div class=\"box-image\" >\n  \t\t\t\t\t\t<div class=\"image-cover\" style=\"padding-top:56.25%;\">\n\t\t\t\t\t\t\t<a href=\"https:\/\/c2v2holdingllc.com\/index.php\/2024\/03\/01\/el-legado-familiar\/\" class=\"plain\" aria-label=\"El Legado Familiar\">\n\t\t\t\t\t\t\t\t<img loading=\"lazy\" decoding=\"async\" width=\"300\" height=\"300\" src=\"https:\/\/c2v2holdingllc.com\/wp-content\/uploads\/2024\/03\/legado-familiar-300x300.png\" class=\"attachment-medium size-medium wp-post-image\" alt=\"\" srcset=\"https:\/\/c2v2holdingllc.com\/wp-content\/uploads\/2024\/03\/legado-familiar-300x300.png 300w, https:\/\/c2v2holdingllc.com\/wp-content\/uploads\/2024\/03\/legado-familiar-150x150.png 150w, https:\/\/c2v2holdingllc.com\/wp-content\/uploads\/2024\/03\/legado-familiar.png 500w\" sizes=\"(max-width: 300px) 100vw, 300px\" \/>\t\t\t\t\t\t\t<\/a>\n  \t\t\t\t\t\t\t  \t\t\t\t\t\t\t  \t\t\t\t\t\t<\/div>\n  \t\t\t\t\t\t  \t\t\t\t\t<\/div>\n          \t\t\t\t\t<div class=\"box-text text-center\" style=\"background-color:#202630;\">\n\t\t\t\t\t<div class=\"box-text-inner blog-post-inner\">\n\n\t\t\t\t\t\n\t\t\t\t\t\t\t\t\t\t<h5 class=\"post-title is-large \">\n\t\t\t\t\t\t<a href=\"https:\/\/c2v2holdingllc.com\/index.php\/2024\/03\/01\/el-legado-familiar\/\" class=\"plain\">El Legado Familiar<\/a>\n\t\t\t\t\t<\/h5>\n\t\t\t\t\t\t\t\t\t\t<div class=\"is-divider\"><\/div>\n\t\t\t\t\t\t\t\t\t\t<p class=\"from_the_blog_excerpt \">\n\t\t\t\t\t\tl legado familiar de una empresa familiar es un conjunto de aspectos econ\u00f3micos, culturales y [...]\t\t\t\t\t<\/p>\n\t\t\t\t\t                    \n\t\t\t\t\t\n\t\t\t\t\t\n\t\t\t\t\t<\/div>\n\t\t\t\t\t<\/div>\n\t\t\t\t\t\t\t\t\t\t\t\t\t\t\t\t<div class=\"badge absolute top post-date badge-outline\">\n\t\t\t\t\t\t\t<div class=\"badge-inner\">\n\t\t\t\t\t\t\t\t<span class=\"post-date-day\">01<\/span><br>\n\t\t\t\t\t\t\t\t<span class=\"post-date-month is-xsmall\">Mar<\/span>\n\t\t\t\t\t\t\t<\/div>\n\t\t\t\t\t\t<\/div>\n\t\t\t\t\t\t\t\t\t<\/div>\n\t\t\t<\/div>\n\t\t<\/div><div class=\"col post-item\" >\n\t\t\t<div class=\"col-inner\">\n\t\t\t\t<div class=\"box box-normal box-text-bottom box-blog-post has-hover\">\n            \t\t\t\t\t<div class=\"box-image\" >\n  \t\t\t\t\t\t<div class=\"image-cover\" style=\"padding-top:56.25%;\">\n\t\t\t\t\t\t\t<a href=\"https:\/\/c2v2holdingllc.com\/index.php\/2024\/03\/01\/5-tips-de-planeacion-fiscal\/\" class=\"plain\" aria-label=\"5 Tips de Planeaci\u00f3n Fiscal\">\n\t\t\t\t\t\t\t\t<img loading=\"lazy\" decoding=\"async\" width=\"300\" height=\"300\" src=\"https:\/\/c2v2holdingllc.com\/wp-content\/uploads\/2024\/03\/Foto-noticia-5-TIPS-PLANEACION-FISCAL-300x300.png\" class=\"attachment-medium size-medium wp-post-image\" alt=\"\" srcset=\"https:\/\/c2v2holdingllc.com\/wp-content\/uploads\/2024\/03\/Foto-noticia-5-TIPS-PLANEACION-FISCAL-300x300.png 300w, https:\/\/c2v2holdingllc.com\/wp-content\/uploads\/2024\/03\/Foto-noticia-5-TIPS-PLANEACION-FISCAL-150x150.png 150w, https:\/\/c2v2holdingllc.com\/wp-content\/uploads\/2024\/03\/Foto-noticia-5-TIPS-PLANEACION-FISCAL.png 500w\" sizes=\"(max-width: 300px) 100vw, 300px\" \/>\t\t\t\t\t\t\t<\/a>\n  \t\t\t\t\t\t\t  \t\t\t\t\t\t\t  \t\t\t\t\t\t<\/div>\n  \t\t\t\t\t\t  \t\t\t\t\t<\/div>\n          \t\t\t\t\t<div class=\"box-text text-center\" style=\"background-color:#202630;\">\n\t\t\t\t\t<div class=\"box-text-inner blog-post-inner\">\n\n\t\t\t\t\t\n\t\t\t\t\t\t\t\t\t\t<h5 class=\"post-title is-large \">\n\t\t\t\t\t\t<a href=\"https:\/\/c2v2holdingllc.com\/index.php\/2024\/03\/01\/5-tips-de-planeacion-fiscal\/\" class=\"plain\">5 Tips de Planeaci\u00f3n Fiscal<\/a>\n\t\t\t\t\t<\/h5>\n\t\t\t\t\t\t\t\t\t\t<div class=\"is-divider\"><\/div>\n\t\t\t\t\t\t\t\t\t\t<p class=\"from_the_blog_excerpt \">\n\t\t\t\t\t\tLa responsabilidad fiscal: uno de los objetivos principales de la planificaci\u00f3n fiscal es reducir legalmente [...]\t\t\t\t\t<\/p>\n\t\t\t\t\t                    \n\t\t\t\t\t\n\t\t\t\t\t\n\t\t\t\t\t<\/div>\n\t\t\t\t\t<\/div>\n\t\t\t\t\t\t\t\t\t\t\t\t\t\t\t\t<div class=\"badge absolute top post-date badge-outline\">\n\t\t\t\t\t\t\t<div class=\"badge-inner\">\n\t\t\t\t\t\t\t\t<span class=\"post-date-day\">01<\/span><br>\n\t\t\t\t\t\t\t\t<span class=\"post-date-month is-xsmall\">Mar<\/span>\n\t\t\t\t\t\t\t<\/div>\n\t\t\t\t\t\t<\/div>\n\t\t\t\t\t\t\t\t\t<\/div>\n\t\t\t<\/div>\n\t\t<\/div><\/div>\n\n\n\t\t<\/div>\n\n\t\t\n<style>\n#section_1993123076 {\n  padding-top: 0px;\n  padding-bottom: 0px;\n}\n#section_1993123076 .section-bg-overlay {\n  background-color: rgba(255, 255, 255, 0.767);\n}\n<\/style>\n\t<\/section>\n\t\n\n","protected":false},"excerpt":{"rendered":"","protected":false},"author":1,"featured_media":0,"parent":0,"menu_order":0,"comment_status":"closed","ping_status":"closed","template":"page-blank.php","meta":{"footnotes":""},"yoast_head":"<!-- This site is optimized with the Yoast SEO plugin v23.3 - https:\/\/yoast.com\/wordpress\/plugins\/seo\/ -->\n<title>Noticias - C2V2 Holding LLC<\/title>\n<meta name=\"robots\" content=\"index, follow, max-snippet:-1, max-image-preview:large, max-video-preview:-1\" \/>\n<link rel=\"canonical\" href=\"https:\/\/c2v2holdingllc.com\/index.php\/noticias\/\" \/>\n<meta property=\"og:locale\" content=\"es_ES\" \/>\n<meta property=\"og:type\" content=\"article\" \/>\n<meta property=\"og:title\" content=\"Noticias - C2V2 Holding LLC\" \/>\n<meta property=\"og:url\" content=\"https:\/\/c2v2holdingllc.com\/index.php\/noticias\/\" \/>\n<meta property=\"og:site_name\" content=\"C2V2 Holding LLC\" \/>\n<meta property=\"article:modified_time\" content=\"2024-03-05T03:36:20+00:00\" \/>\n<meta name=\"twitter:card\" content=\"summary_large_image\" \/>\n<script type=\"application\/ld+json\" class=\"yoast-schema-graph\">{\"@context\":\"https:\/\/schema.org\",\"@graph\":[{\"@type\":\"WebPage\",\"@id\":\"https:\/\/c2v2holdingllc.com\/index.php\/noticias\/\",\"url\":\"https:\/\/c2v2holdingllc.com\/index.php\/noticias\/\",\"name\":\"Noticias - C2V2 Holding LLC\",\"isPartOf\":{\"@id\":\"https:\/\/c2v2holdingllc.com\/#website\"},\"datePublished\":\"2024-01-21T00:31:54+00:00\",\"dateModified\":\"2024-03-05T03:36:20+00:00\",\"breadcrumb\":{\"@id\":\"https:\/\/c2v2holdingllc.com\/index.php\/noticias\/#breadcrumb\"},\"inLanguage\":\"es\",\"potentialAction\":[{\"@type\":\"ReadAction\",\"target\":[\"https:\/\/c2v2holdingllc.com\/index.php\/noticias\/\"]}]},{\"@type\":\"BreadcrumbList\",\"@id\":\"https:\/\/c2v2holdingllc.com\/index.php\/noticias\/#breadcrumb\",\"itemListElement\":[{\"@type\":\"ListItem\",\"position\":1,\"name\":\"Portada\",\"item\":\"https:\/\/c2v2holdingllc.com\/\"},{\"@type\":\"ListItem\",\"position\":2,\"name\":\"Noticias\"}]},{\"@type\":\"WebSite\",\"@id\":\"https:\/\/c2v2holdingllc.com\/#website\",\"url\":\"https:\/\/c2v2holdingllc.com\/\",\"name\":\"C2V2 Holding LLC\",\"description\":\"Asesor\u00eda y Planeaci\u00f3n Tributaria\",\"potentialAction\":[{\"@type\":\"SearchAction\",\"target\":{\"@type\":\"EntryPoint\",\"urlTemplate\":\"https:\/\/c2v2holdingllc.com\/?s={search_term_string}\"},\"query-input\":\"required name=search_term_string\"}],\"inLanguage\":\"es\"}]}<\/script>\n<!-- \/ Yoast SEO plugin. -->","yoast_head_json":{"title":"Noticias - C2V2 Holding LLC","robots":{"index":"index","follow":"follow","max-snippet":"max-snippet:-1","max-image-preview":"max-image-preview:large","max-video-preview":"max-video-preview:-1"},"canonical":"https:\/\/c2v2holdingllc.com\/index.php\/noticias\/","og_locale":"es_ES","og_type":"article","og_title":"Noticias - C2V2 Holding LLC","og_url":"https:\/\/c2v2holdingllc.com\/index.php\/noticias\/","og_site_name":"C2V2 Holding LLC","article_modified_time":"2024-03-05T03:36:20+00:00","twitter_card":"summary_large_image","schema":{"@context":"https:\/\/schema.org","@graph":[{"@type":"WebPage","@id":"https:\/\/c2v2holdingllc.com\/index.php\/noticias\/","url":"https:\/\/c2v2holdingllc.com\/index.php\/noticias\/","name":"Noticias - C2V2 Holding LLC","isPartOf":{"@id":"https:\/\/c2v2holdingllc.com\/#website"},"datePublished":"2024-01-21T00:31:54+00:00","dateModified":"2024-03-05T03:36:20+00:00","breadcrumb":{"@id":"https:\/\/c2v2holdingllc.com\/index.php\/noticias\/#breadcrumb"},"inLanguage":"es","potentialAction":[{"@type":"ReadAction","target":["https:\/\/c2v2holdingllc.com\/index.php\/noticias\/"]}]},{"@type":"BreadcrumbList","@id":"https:\/\/c2v2holdingllc.com\/index.php\/noticias\/#breadcrumb","itemListElement":[{"@type":"ListItem","position":1,"name":"Portada","item":"https:\/\/c2v2holdingllc.com\/"},{"@type":"ListItem","position":2,"name":"Noticias"}]},{"@type":"WebSite","@id":"https:\/\/c2v2holdingllc.com\/#website","url":"https:\/\/c2v2holdingllc.com\/","name":"C2V2 Holding LLC","description":"Asesor\u00eda y Planeaci\u00f3n Tributaria","potentialAction":[{"@type":"SearchAction","target":{"@type":"EntryPoint","urlTemplate":"https:\/\/c2v2holdingllc.com\/?s={search_term_string}"},"query-input":"required name=search_term_string"}],"inLanguage":"es"}]}},"_links":{"self":[{"href":"https:\/\/c2v2holdingllc.com\/index.php\/wp-json\/wp\/v2\/pages\/16"}],"collection":[{"href":"https:\/\/c2v2holdingllc.com\/index.php\/wp-json\/wp\/v2\/pages"}],"about":[{"href":"https:\/\/c2v2holdingllc.com\/index.php\/wp-json\/wp\/v2\/types\/page"}],"author":[{"embeddable":true,"href":"https:\/\/c2v2holdingllc.com\/index.php\/wp-json\/wp\/v2\/users\/1"}],"replies":[{"embeddable":true,"href":"https:\/\/c2v2holdingllc.com\/index.php\/wp-json\/wp\/v2\/comments?post=16"}],"version-history":[{"count":3,"href":"https:\/\/c2v2holdingllc.com\/index.php\/wp-json\/wp\/v2\/pages\/16\/revisions"}],"predecessor-version":[{"id":790,"href":"https:\/\/c2v2holdingllc.com\/index.php\/wp-json\/wp\/v2\/pages\/16\/revisions\/790"}],"wp:attachment":[{"href":"https:\/\/c2v2holdingllc.com\/index.php\/wp-json\/wp\/v2\/media?parent=16"}],"curies":[{"name":"wp","href":"https:\/\/api.w.org\/{rel}","templated":true}]}}