{"id":18,"date":"2024-01-21T01:32:06","date_gmt":"2024-01-21T00:32:06","guid":{"rendered":"https:\/\/c2v2holdingllc.com\/?page_id=18"},"modified":"2024-04-01T20:30:32","modified_gmt":"2024-04-01T18:30:32","slug":"contacto","status":"publish","type":"page","link":"https:\/\/c2v2holdingllc.com\/index.php\/contacto\/","title":{"rendered":"Contacto"},"content":{"rendered":"\n<div class=\"row row-collapse row-full-width\"  id=\"row-547778092\">\n\n\n\t<div id=\"col-1367980770\" class=\"col small-12 large-12\"  >\n\t\t\t\t<div class=\"col-inner\"  >\n\t\t\t\n\t\t\t\n\n\t<section class=\"section\" id=\"section_1205212618\">\n\t\t<div class=\"bg section-bg fill bg-fill  \" >\n\n\t\t\t\n\t\t\t<div class=\"section-bg-overlay absolute fill\"><\/div>\n\t\t\t\n\n\t\t<\/div>\n\n\t\t\n\n\t\t<div class=\"section-content relative\">\n\t\t\t\n\n<div class=\"row row-collapse align-center\" style=\"max-width:\" id=\"row-648584535\">\n\n\n\t<div id=\"col-78615779\" class=\"col small-12 large-12\"  >\n\t\t\t\t<div class=\"col-inner text-center dark\"  >\n\t\t\t\n\t\t\t\n\n<h2><span style=\"font-size: 250%;\">Cont\u00e1ctenos<\/span><\/h2>\n<p class=\"lead\"><span style=\"font-size: 120%;\">D\u00e9janos un Mensaje<\/span><\/p>\n\n\t\t<\/div>\n\t\t\t\t\n<style>\n#col-78615779 > .col-inner {\n  padding: 100px 20px 200px 0px;\n}\n@media (min-width:550px) {\n  #col-78615779 > .col-inner {\n    padding: 100px 0px 200px 0px;\n  }\n}\n<\/style>\n\t<\/div>\n\n\t\n\n<\/div>\n\n\t\t<\/div>\n\n\t\t\n<style>\n#section_1205212618 {\n  padding-top: 0px;\n  padding-bottom: 0px;\n  min-height: 0px;\n}\n#section_1205212618 .section-bg-overlay {\n  background-color: rgba(0, 0, 0, 0.12);\n}\n#section_1205212618 .section-bg.bg-loaded {\n  background-image: url(https:\/\/c2v2holdingllc.com\/wp-content\/uploads\/2024\/03\/pexels-moath-photos-12896265-scaled.jpg);\n}\n#section_1205212618 .section-bg {\n  background-position: 55% 100%;\n}\n@media (min-width:550px) {\n  #section_1205212618 {\n    padding-top: 0px;\n    padding-bottom: 0px;\n  }\n  #section_1205212618 .section-bg-overlay {\n    background-color: rgba(0, 0, 0, 0.21);\n  }\n}\n@media (min-width:850px) {\n  #section_1205212618 {\n    padding-top: 100px;\n    padding-bottom: 100px;\n  }\n  #section_1205212618 .section-bg-overlay {\n    background-color: rgba(0, 0, 0, 0.593);\n  }\n}\n<\/style>\n\t<\/section>\n\t\n\n\t\t<\/div>\n\t\t\t\t\n<style>\n#col-1367980770 > .col-inner {\n  padding: 0px 30px 0px 30px;\n}\n<\/style>\n\t<\/div>\n\n\t\n\n<\/div>\n<div class=\"row row-large\" style=\"max-width:1400px\" id=\"row-325164299\">\n\n\n\t<div id=\"col-1636701568\" class=\"col small-12 large-12\"  >\n\t\t\t\t<div class=\"col-inner\" style=\"background-color:rgb(255, 255, 255);\" >\n\t\t\t\n\t\t\t\n\n<div class=\"row row-collapse row-full-width\"  id=\"row-1894814732\">\n\n\n\t<div id=\"col-1945189116\" class=\"col medium-12 small-12 large-6\"  >\n\t\t\t\t<div class=\"col-inner\"  >\n\t\t\t\n\t\t\t\n\n<h2><span style=\"font-size: 120%;\">D\u00e9janos un mensaje!<\/span><\/h2>\n<p>Escr\u00edbenos sobre el servicio de tu inter\u00e9s.<\/p>\n\t<div id=\"gap-551176769\" class=\"gap-element clearfix\" style=\"display:block; height:auto;\">\n\t\t\n<style>\n#gap-551176769 {\n  padding-top: 20px;\n}\n@media (min-width:550px) {\n  #gap-551176769 {\n    padding-top: 20px;\n  }\n}\n@media (min-width:850px) {\n  #gap-551176769 {\n    padding-top: 30px;\n  }\n}\n<\/style>\n\t<\/div>\n\t\n\n<div class=\"row\"  id=\"row-1025798646\">\n\n\n\t<div id=\"col-369265752\" class=\"col medium-5 small-12 large-5\"  >\n\t\t\t\t<div class=\"col-inner\"  >\n\t\t\t\n\t\t\t\n\n\t<div class=\"img has-hover x md-x lg-x y md-y lg-y\" id=\"image_638107153\">\n\t\t\t\t\t\t\t\t<div class=\"img-inner dark\" >\n\t\t\t<img loading=\"lazy\" decoding=\"async\" width=\"240\" height=\"240\" src=\"https:\/\/c2v2holdingllc.com\/wp-content\/uploads\/2024\/03\/map-pin-2-fill-2.png\" class=\"attachment-large size-large\" alt=\"\" srcset=\"https:\/\/c2v2holdingllc.com\/wp-content\/uploads\/2024\/03\/map-pin-2-fill-2.png 240w, https:\/\/c2v2holdingllc.com\/wp-content\/uploads\/2024\/03\/map-pin-2-fill-2-150x150.png 150w\" sizes=\"(max-width: 240px) 100vw, 240px\" \/>\t\t\t\t\t\t\n\t\t\t\t\t<\/div>\n\t\t\t\t\t\t\t\t\n<style>\n#image_638107153 {\n  width: 15%;\n}\n@media (min-width:550px) {\n  #image_638107153 {\n    width: 20%;\n  }\n}\n<\/style>\n\t<\/div>\n\t\n\n<h4 class=\"uppercase\">Ubicaci\u00f3n<\/h4>\n<p>66 W Flagler Street Suite 900 #10234 Miami, FL 33130<\/p>\n\n\t\t<\/div>\n\t\t\t\t\t<\/div>\n\n\t\n\n\t<div id=\"col-1759640175\" class=\"col medium-4 small-12 large-4\"  >\n\t\t\t\t<div class=\"col-inner\"  >\n\t\t\t\n\t\t\t\n\n\t<div class=\"img has-hover x md-x lg-x y md-y lg-y\" id=\"image_22828944\">\n\t\t\t\t\t\t\t\t<div class=\"img-inner dark\" >\n\t\t\t<img loading=\"lazy\" decoding=\"async\" width=\"240\" height=\"240\" src=\"https:\/\/c2v2holdingllc.com\/wp-content\/uploads\/2024\/03\/phone-fill.png\" class=\"attachment-large size-large\" alt=\"\" srcset=\"https:\/\/c2v2holdingllc.com\/wp-content\/uploads\/2024\/03\/phone-fill.png 240w, https:\/\/c2v2holdingllc.com\/wp-content\/uploads\/2024\/03\/phone-fill-150x150.png 150w\" sizes=\"(max-width: 240px) 100vw, 240px\" \/>\t\t\t\t\t\t\n\t\t\t\t\t<\/div>\n\t\t\t\t\t\t\t\t\n<style>\n#image_22828944 {\n  width: 15%;\n}\n@media (min-width:550px) {\n  #image_22828944 {\n    width: 20%;\n  }\n}\n<\/style>\n\t<\/div>\n\t\n\n<h4 class=\"uppercase\">Tel\u00e9fono<\/h4>\n<p><a href=\"tel:#\">(+1) 786 925 3522<\/a><\/p>\n\n\t\t<\/div>\n\t\t\t\t\t<\/div>\n\n\t\n\n<\/div>\n<div class=\"row\"  id=\"row-1901688347\">\n\n\n\t<div id=\"col-1727402696\" class=\"col medium-4 small-12 large-4\"  >\n\t\t\t\t<div class=\"col-inner\"  >\n\t\t\t\n\t\t\t\n\n\t<div class=\"img has-hover x md-x lg-x y md-y lg-y\" id=\"image_850572479\">\n\t\t\t\t\t\t\t\t<div class=\"img-inner dark\" >\n\t\t\t<img loading=\"lazy\" decoding=\"async\" width=\"240\" height=\"240\" src=\"https:\/\/c2v2holdingllc.com\/wp-content\/uploads\/2024\/03\/mail-open-fill.png\" class=\"attachment-large size-large\" alt=\"\" srcset=\"https:\/\/c2v2holdingllc.com\/wp-content\/uploads\/2024\/03\/mail-open-fill.png 240w, https:\/\/c2v2holdingllc.com\/wp-content\/uploads\/2024\/03\/mail-open-fill-150x150.png 150w\" sizes=\"(max-width: 240px) 100vw, 240px\" \/>\t\t\t\t\t\t\n\t\t\t\t\t<\/div>\n\t\t\t\t\t\t\t\t\n<style>\n#image_850572479 {\n  width: 15%;\n}\n@media (min-width:550px) {\n  #image_850572479 {\n    width: 20%;\n  }\n}\n<\/style>\n\t<\/div>\n\t\n\n<h3 class=\"uppercase\">E-mail<\/h3>\n<h3 class=\"uppercase\"><a style=\"font-size: 14.4px;\" href=\"mailto:#\">cesar.delgado@c2v2holdingllc.com<\/a><\/h3>\n\n\t\t<\/div>\n\t\t\t\t\t<\/div>\n\n\t\n\n<\/div>\n\n\t\t<\/div>\n\t\t\t\t\n<style>\n#col-1945189116 > .col-inner {\n  padding: 0px 0px 0px 20px;\n}\n<\/style>\n\t<\/div>\n\n\t\n\n\t<div id=\"col-163280324\" class=\"col medium-12 small-12 large-6\"  >\n\t\t\t\t<div class=\"col-inner\"  >\n\t\t\t\n\t\t\t\n\n\t<div id=\"gap-767557027\" class=\"gap-element clearfix\" style=\"display:block; height:auto;\">\n\t\t\n<style>\n#gap-767557027 {\n  padding-top: 20px;\n}\n@media (min-width:550px) {\n  #gap-767557027 {\n    padding-top: 20px;\n  }\n}\n@media (min-width:850px) {\n  #gap-767557027 {\n    padding-top: 30px;\n  }\n}\n<\/style>\n\t<\/div>\n\t\n\n\n\n<style id=\"wpforms-css-vars-810\">\n\t\t\t\t#wpforms-810 {\n\t\t\t\t\n\t\t\t}\n\t\t\t<\/style><div class=\"wpforms-container wpforms-container-full wpforms-render-modern\" id=\"wpforms-810\"><form id=\"wpforms-form-810\" class=\"wpforms-validate wpforms-form wpforms-ajax-form\" data-formid=\"810\" method=\"post\" enctype=\"multipart\/form-data\" action=\"\/index.php\/wp-json\/wp\/v2\/pages\/18\" data-token=\"304a6d45269191fc56c3667da4976cdc\" data-token-time=\"1776428949\"><noscript class=\"wpforms-error-noscript\">Por favor, activa JavaScript en tu navegador para completar este formulario.<\/noscript><div id=\"wpforms-error-noscript\" style=\"display: none;\">Por favor, activa JavaScript en tu navegador para completar este formulario.<\/div><div class=\"wpforms-field-container\"><div id=\"wpforms-810-field_0-container\" class=\"wpforms-field wpforms-field-name\" data-field-id=\"0\"><fieldset><legend class=\"wpforms-field-label\">Nombre <span class=\"wpforms-required-label\" aria-hidden=\"true\">*<\/span><\/legend><div class=\"wpforms-field-row wpforms-field-medium\"><div class=\"wpforms-field-row-block wpforms-first wpforms-one-half\"><input type=\"text\" id=\"wpforms-810-field_0\" class=\"wpforms-field-name-first wpforms-field-required\" name=\"wpforms[fields][0][first]\" aria-errormessage=\"wpforms-810-field_0-error\" required><label for=\"wpforms-810-field_0\" class=\"wpforms-field-sublabel after\">Nombre<\/label><\/div><div class=\"wpforms-field-row-block wpforms-one-half\"><input type=\"text\" id=\"wpforms-810-field_0-last\" class=\"wpforms-field-name-last wpforms-field-required\" name=\"wpforms[fields][0][last]\" aria-errormessage=\"wpforms-810-field_0-last-error\" required><label for=\"wpforms-810-field_0-last\" class=\"wpforms-field-sublabel after\">Apellidos<\/label><\/div><\/div><\/fieldset><\/div><div id=\"wpforms-810-field_1-container\" class=\"wpforms-field wpforms-field-email\" data-field-id=\"1\"><label class=\"wpforms-field-label\" for=\"wpforms-810-field_1\">Correo electr\u00f3nico <span class=\"wpforms-required-label\" aria-hidden=\"true\">*<\/span><\/label><input type=\"email\" id=\"wpforms-810-field_1\" class=\"wpforms-field-medium wpforms-field-required\" name=\"wpforms[fields][1]\" spellcheck=\"false\" aria-errormessage=\"wpforms-810-field_1-error\" required><\/div><div id=\"wpforms-810-field_2-container\" class=\"wpforms-field wpforms-field-textarea\" data-field-id=\"2\"><label class=\"wpforms-field-label\" for=\"wpforms-810-field_2\">Comentario o mensaje<\/label><textarea id=\"wpforms-810-field_2\" class=\"wpforms-field-medium\" name=\"wpforms[fields][2]\" aria-errormessage=\"wpforms-810-field_2-error\" ><\/textarea><\/div><div id=\"wpforms-810-field_3-container\" class=\"wpforms-field wpforms-field-checkbox\" data-field-id=\"3\"><fieldset><legend class=\"wpforms-field-label\">Casillas de verificaci\u00f3n <span class=\"wpforms-required-label\" aria-hidden=\"true\">*<\/span><\/legend><ul id=\"wpforms-810-field_3\" class=\"wpforms-field-required\"><li class=\"choice-1 depth-1\"><input type=\"checkbox\" id=\"wpforms-810-field_3_1\" name=\"wpforms[fields][3][]\" value=\"Aceptaci\u00f3n de datos personales\" aria-errormessage=\"wpforms-810-field_3_1-error\" aria-describedby=\"wpforms-810-field_3-description\" required ><label class=\"wpforms-field-label-inline\" for=\"wpforms-810-field_3_1\">Aceptaci\u00f3n de datos personales<\/label><\/li><\/ul><div id=\"wpforms-810-field_3-description\" class=\"wpforms-field-description\">Al hacer clic en \"Aceptar\" o al continuar utilizando nuestros servicios, confirmo que he le\u00eddo, comprendido y aceptado los t\u00e9rminos y condiciones de la pol\u00edtica de tratamiento de datos personales de C2 Capital Group LLC.<\/div><\/fieldset><\/div><\/div><!-- .wpforms-field-container --><div class=\"wpforms-recaptcha-container wpforms-is-recaptcha wpforms-is-recaptcha-type-v3\" ><input type=\"hidden\" name=\"wpforms[recaptcha]\" value=\"\"><\/div><div class=\"wpforms-submit-container\" ><input type=\"hidden\" name=\"wpforms[id]\" value=\"810\"><input type=\"hidden\" name=\"page_title\" value=\"\"><input type=\"hidden\" name=\"page_url\" value=\"https:\/\/c2v2holdingllc.com\/index.php\/wp-json\/wp\/v2\/pages\/18\"><input type=\"hidden\" name=\"url_referer\" value=\"\"><button type=\"submit\" name=\"wpforms[submit]\" id=\"wpforms-submit-810\" class=\"wpforms-submit\" data-alt-text=\"Enviando...\" data-submit-text=\"Enviar\" aria-live=\"assertive\" value=\"wpforms-submit\">Enviar<\/button><img loading=\"lazy\" decoding=\"async\" src=\"https:\/\/c2v2holdingllc.com\/wp-content\/plugins\/wpforms-lite\/assets\/images\/submit-spin.svg\" class=\"wpforms-submit-spinner\" style=\"display: none;\" width=\"26\" height=\"26\" alt=\"Cargando\"><\/div><\/form><\/div>  <!-- .wpforms-container -->\n\n\n\t\t<\/div>\n\t\t\t\t\t<\/div>\n\n\t\n\n\n<style>\n#row-1894814732 > .col > .col-inner {\n  padding: 0px 15px 0px 15px;\n}\n<\/style>\n<\/div>\n\n\t\t<\/div>\n\t\t\t\t\n<style>\n#col-1636701568 > .col-inner {\n  padding: 50px 20px 0px 20px;\n  margin: -0 0px 0px 0px;\n}\n@media (min-width:550px) {\n  #col-1636701568 > .col-inner {\n    padding: 50px 20px 30px 20px;\n    margin: 0 0px 0px 0px;\n  }\n}\n@media (min-width:850px) {\n  #col-1636701568 > .col-inner {\n    padding: 66px 5% 16px 5%;\n    margin: -135px 0px 0px 0px;\n  }\n}\n<\/style>\n\t<\/div>\n\n\t\n\n<\/div>\n<div class=\"row row-collapse row-full-width\"  id=\"row-1456128988\">\n\n\n\t<div id=\"col-1425500794\" class=\"col small-12 large-12\"  >\n\t\t\t\t<div class=\"col-inner\"  >\n\t\t\t\n\t\t\t\n\n\n\n<iframe src=\"https:\/\/www.google.com\/maps\/embed?pb=!1m18!1m12!1m3!1d3592.9138363307475!2d-80.2123750240264!3d25.773409408120262!2m3!1f0!2f0!3f0!3m2!1i1024!2i768!4f13.1!3m3!1m2!1s0x88d9b6932d2bffff%3A0xfd1eeef730a3c08f!2s66%20W%20Flagler%20St%20%23900%2C%20Miami%2C%20FL%2033130%2C%20EE.%20UU.!5e0!3m2!1ses-419!2sco!4v1711996207335!5m2!1ses-419!2sco\" width=\"1920\" height=\"450\" style=\"border:0;\" allowfullscreen=\"\" loading=\"lazy\" referrerpolicy=\"no-referrer-when-downgrade\"><\/iframe>\n\n\n\t\t<\/div>\n\t\t\t\t\n<style>\n#col-1425500794 > .col-inner {\n  padding: 0px 30px 0px 30px;\n}\n<\/style>\n\t<\/div>\n\n\t\n\n<\/div>\n\n","protected":false},"excerpt":{"rendered":"","protected":false},"author":1,"featured_media":0,"parent":0,"menu_order":0,"comment_status":"closed","ping_status":"closed","template":"page-blank.php","meta":{"footnotes":""},"yoast_head":"<!-- This site is optimized with the Yoast SEO plugin v23.3 - https:\/\/yoast.com\/wordpress\/plugins\/seo\/ -->\n<title>Contacto - C2V2 Holding LLC<\/title>\n<meta name=\"robots\" content=\"index, follow, max-snippet:-1, max-image-preview:large, max-video-preview:-1\" \/>\n<link rel=\"canonical\" href=\"https:\/\/c2v2holdingllc.com\/index.php\/contacto\/\" \/>\n<meta property=\"og:locale\" content=\"es_ES\" \/>\n<meta property=\"og:type\" content=\"article\" \/>\n<meta property=\"og:title\" content=\"Contacto - C2V2 Holding LLC\" \/>\n<meta property=\"og:url\" content=\"https:\/\/c2v2holdingllc.com\/index.php\/contacto\/\" \/>\n<meta property=\"og:site_name\" content=\"C2V2 Holding LLC\" \/>\n<meta property=\"article:modified_time\" content=\"2024-04-01T18:30:32+00:00\" \/>\n<meta name=\"twitter:card\" content=\"summary_large_image\" \/>\n<meta name=\"twitter:label1\" content=\"Tiempo de lectura\" \/>\n\t<meta name=\"twitter:data1\" content=\"1 minuto\" \/>\n<script type=\"application\/ld+json\" class=\"yoast-schema-graph\">{\"@context\":\"https:\/\/schema.org\",\"@graph\":[{\"@type\":\"WebPage\",\"@id\":\"https:\/\/c2v2holdingllc.com\/index.php\/contacto\/\",\"url\":\"https:\/\/c2v2holdingllc.com\/index.php\/contacto\/\",\"name\":\"Contacto - C2V2 Holding LLC\",\"isPartOf\":{\"@id\":\"https:\/\/c2v2holdingllc.com\/#website\"},\"datePublished\":\"2024-01-21T00:32:06+00:00\",\"dateModified\":\"2024-04-01T18:30:32+00:00\",\"breadcrumb\":{\"@id\":\"https:\/\/c2v2holdingllc.com\/index.php\/contacto\/#breadcrumb\"},\"inLanguage\":\"es\",\"potentialAction\":[{\"@type\":\"ReadAction\",\"target\":[\"https:\/\/c2v2holdingllc.com\/index.php\/contacto\/\"]}]},{\"@type\":\"BreadcrumbList\",\"@id\":\"https:\/\/c2v2holdingllc.com\/index.php\/contacto\/#breadcrumb\",\"itemListElement\":[{\"@type\":\"ListItem\",\"position\":1,\"name\":\"Portada\",\"item\":\"https:\/\/c2v2holdingllc.com\/\"},{\"@type\":\"ListItem\",\"position\":2,\"name\":\"Contacto\"}]},{\"@type\":\"WebSite\",\"@id\":\"https:\/\/c2v2holdingllc.com\/#website\",\"url\":\"https:\/\/c2v2holdingllc.com\/\",\"name\":\"C2V2 Holding LLC\",\"description\":\"Asesor\u00eda y Planeaci\u00f3n Tributaria\",\"potentialAction\":[{\"@type\":\"SearchAction\",\"target\":{\"@type\":\"EntryPoint\",\"urlTemplate\":\"https:\/\/c2v2holdingllc.com\/?s={search_term_string}\"},\"query-input\":\"required name=search_term_string\"}],\"inLanguage\":\"es\"}]}<\/script>\n<!-- \/ Yoast SEO plugin. -->","yoast_head_json":{"title":"Contacto - C2V2 Holding LLC","robots":{"index":"index","follow":"follow","max-snippet":"max-snippet:-1","max-image-preview":"max-image-preview:large","max-video-preview":"max-video-preview:-1"},"canonical":"https:\/\/c2v2holdingllc.com\/index.php\/contacto\/","og_locale":"es_ES","og_type":"article","og_title":"Contacto - C2V2 Holding LLC","og_url":"https:\/\/c2v2holdingllc.com\/index.php\/contacto\/","og_site_name":"C2V2 Holding LLC","article_modified_time":"2024-04-01T18:30:32+00:00","twitter_card":"summary_large_image","twitter_misc":{"Tiempo de lectura":"1 minuto"},"schema":{"@context":"https:\/\/schema.org","@graph":[{"@type":"WebPage","@id":"https:\/\/c2v2holdingllc.com\/index.php\/contacto\/","url":"https:\/\/c2v2holdingllc.com\/index.php\/contacto\/","name":"Contacto - C2V2 Holding LLC","isPartOf":{"@id":"https:\/\/c2v2holdingllc.com\/#website"},"datePublished":"2024-01-21T00:32:06+00:00","dateModified":"2024-04-01T18:30:32+00:00","breadcrumb":{"@id":"https:\/\/c2v2holdingllc.com\/index.php\/contacto\/#breadcrumb"},"inLanguage":"es","potentialAction":[{"@type":"ReadAction","target":["https:\/\/c2v2holdingllc.com\/index.php\/contacto\/"]}]},{"@type":"BreadcrumbList","@id":"https:\/\/c2v2holdingllc.com\/index.php\/contacto\/#breadcrumb","itemListElement":[{"@type":"ListItem","position":1,"name":"Portada","item":"https:\/\/c2v2holdingllc.com\/"},{"@type":"ListItem","position":2,"name":"Contacto"}]},{"@type":"WebSite","@id":"https:\/\/c2v2holdingllc.com\/#website","url":"https:\/\/c2v2holdingllc.com\/","name":"C2V2 Holding LLC","description":"Asesor\u00eda y Planeaci\u00f3n Tributaria","potentialAction":[{"@type":"SearchAction","target":{"@type":"EntryPoint","urlTemplate":"https:\/\/c2v2holdingllc.com\/?s={search_term_string}"},"query-input":"required name=search_term_string"}],"inLanguage":"es"}]}},"_links":{"self":[{"href":"https:\/\/c2v2holdingllc.com\/index.php\/wp-json\/wp\/v2\/pages\/18"}],"collection":[{"href":"https:\/\/c2v2holdingllc.com\/index.php\/wp-json\/wp\/v2\/pages"}],"about":[{"href":"https:\/\/c2v2holdingllc.com\/index.php\/wp-json\/wp\/v2\/types\/page"}],"author":[{"embeddable":true,"href":"https:\/\/c2v2holdingllc.com\/index.php\/wp-json\/wp\/v2\/users\/1"}],"replies":[{"embeddable":true,"href":"https:\/\/c2v2holdingllc.com\/index.php\/wp-json\/wp\/v2\/comments?post=18"}],"version-history":[{"count":8,"href":"https:\/\/c2v2holdingllc.com\/index.php\/wp-json\/wp\/v2\/pages\/18\/revisions"}],"predecessor-version":[{"id":856,"href":"https:\/\/c2v2holdingllc.com\/index.php\/wp-json\/wp\/v2\/pages\/18\/revisions\/856"}],"wp:attachment":[{"href":"https:\/\/c2v2holdingllc.com\/index.php\/wp-json\/wp\/v2\/media?parent=18"}],"curies":[{"name":"wp","href":"https:\/\/api.w.org\/{rel}","templated":true}]}}