{"id":724,"date":"2024-03-05T01:44:07","date_gmt":"2024-03-05T00:44:07","guid":{"rendered":"https:\/\/c2v2holdingllc.com\/?page_id=724"},"modified":"2025-07-22T16:01:33","modified_gmt":"2025-07-22T14:01:33","slug":"sobre-nosotros","status":"publish","type":"page","link":"https:\/\/c2v2holdingllc.com\/index.php\/sobre-nosotros\/","title":{"rendered":"Sobre Nosotros"},"content":{"rendered":"\n\t<section class=\"section\" id=\"section_1990866650\">\n\t\t<div class=\"bg section-bg fill bg-fill  \" >\n\n\t\t\t\n\t\t\t<div class=\"section-bg-overlay absolute fill\"><\/div>\n\t\t\t\n\n\t\t<\/div>\n\n\t\t\n\n\t\t<div class=\"section-content relative\">\n\t\t\t\n\n<div class=\"row\" style=\"max-width:1200px\" id=\"row-705890886\">\n\n\n\t<div id=\"col-495321803\" class=\"col medium-5 small-12 large-5\"  >\n\t\t\t\t<div class=\"col-inner\"  >\n\t\t\t\n\t\t\t\n\n\t<div id=\"gap-592562722\" class=\"gap-element clearfix\" style=\"display:block; height:auto;\">\n\t\t\n<style>\n#gap-592562722 {\n  padding-top: 0px;\n}\n@media (min-width:850px) {\n  #gap-592562722 {\n    padding-top: 30px;\n  }\n}\n<\/style>\n\t<\/div>\n\t\n\n\n\t\t<\/div>\n\t\t\t\t\t<\/div>\n\n\t\n\n\t<div id=\"col-196147928\" class=\"col medium-12 small-12 large-7\"  >\n\t\t\t\t<div class=\"col-inner\"  >\n\t\t\t\n\t\t\t\n\n\t<div id=\"gap-1885540176\" class=\"gap-element clearfix\" style=\"display:block; height:auto;\">\n\t\t\n<style>\n#gap-1885540176 {\n  padding-top: 30px;\n}\n<\/style>\n\t<\/div>\n\t\n\n\t<div id=\"text-3062211530\" class=\"text\">\n\t\t\n\n\n\t\t\n<style>\n#text-3062211530 {\n  font-size: 1rem;\n  color: rgb(255,255,255);\n}\n#text-3062211530 > * {\n  color: rgb(255,255,255);\n}\n@media (min-width:550px) {\n  #text-3062211530 {\n    font-size: 1.25rem;\n  }\n}\n<\/style>\n\t<\/div>\n\t\n\t<div id=\"text-1871151938\" class=\"text\">\n\t\t\n\n<h1>Sobre Nosotros<\/h1>\n\t\t\n<style>\n#text-1871151938 {\n  font-size: 2.5rem;\n  color: rgb(255,255,255);\n}\n#text-1871151938 > * {\n  color: rgb(255,255,255);\n}\n@media (min-width:550px) {\n  #text-1871151938 {\n    font-size: 3rem;\n  }\n}\n<\/style>\n\t<\/div>\n\t\n\n\t\t<\/div>\n\t\t\t\t\n<style>\n#col-196147928 > .col-inner {\n  padding: 0px 0px 0px 0;\n}\n@media (min-width:550px) {\n  #col-196147928 > .col-inner {\n    padding: 0px 0px 0px 30px;\n  }\n}\n<\/style>\n\t<\/div>\n\n\t\n\n<\/div>\n\n\t\t<\/div>\n\n\t\t\n<style>\n#section_1990866650 {\n  padding-top: 30px;\n  padding-bottom: 30px;\n  min-height: 300px;\n}\n#section_1990866650 .section-bg-overlay {\n  background-color: rgba(0, 0, 0, 0.61);\n}\n#section_1990866650 .section-bg.bg-loaded {\n  background-image: url(https:\/\/c2v2holdingllc.com\/wp-content\/uploads\/2024\/01\/3.png);\n}\n#section_1990866650 .section-bg {\n  background-position: 42% 86%;\n}\n@media (min-width:550px) {\n  #section_1990866650 {\n    min-height: 450px;\n  }\n}\n@media (min-width:850px) {\n  #section_1990866650 {\n    min-height: 500px;\n  }\n}\n<\/style>\n\t<\/section>\n\t\n<div class=\"row\" style=\"max-width:1200px\" id=\"row-1121191251\">\n\n\n\t<div id=\"col-1268469057\" class=\"col medium-12 small-12 large-5\"  >\n\t\t\t\t<div class=\"col-inner\"  >\n\t\t\t\n\t\t\t\n\n\n  <div class=\"banner has-hover bg-grayscale\" id=\"banner-965874022\">\n          <div class=\"banner-inner fill\">\n        <div class=\"banner-bg fill\" >\n            <div class=\"bg fill bg-fill \"><\/div>\n                                    \n                    <\/div>\n\t\t\n        <div class=\"banner-layers container\">\n            <div class=\"fill banner-link\"><\/div>            \n\n   <div id=\"text-box-903363501\" class=\"text-box banner-layer x50 md-x50 lg-x50 y50 md-y50 lg-y50 res-text\">\n                                <div class=\"text-box-content text dark\">\n              \n              <div class=\"text-inner text-center\">\n                  \n\n\n              <\/div>\n           <\/div>\n                            \n<style>\n#text-box-903363501 {\n  width: 60%;\n}\n#text-box-903363501 .text-box-content {\n  font-size: 100%;\n}\n@media (min-width:550px) {\n  #text-box-903363501 {\n    width: 60%;\n  }\n}\n<\/style>\n    <\/div>\n \n\n        <\/div>\n      <\/div>\n\n            \n<style>\n#banner-965874022 {\n  padding-top: 300px;\n  background-color: rgb(255, 255, 255);\n}\n#banner-965874022 .bg.bg-loaded {\n  background-image: url(https:\/\/c2v2holdingllc.com\/wp-content\/uploads\/2024\/02\/pexels-fauxels-3183183-1536x1025.jpg);\n}\n#banner-965874022 .bg {\n  background-position: 40% 100%;\n}\n@media (min-width:550px) {\n  #banner-965874022 {\n    padding-top: 500px;\n  }\n}\n@media (min-width:850px) {\n  #banner-965874022 {\n    padding-top: 650px;\n  }\n}\n<\/style>\n  <\/div>\n\n\n\t<div id=\"gap-572615098\" class=\"gap-element clearfix\" style=\"display:block; height:auto;\">\n\t\t\n<style>\n#gap-572615098 {\n  padding-top: 0px;\n}\n@media (min-width:850px) {\n  #gap-572615098 {\n    padding-top: 100px;\n  }\n}\n<\/style>\n\t<\/div>\n\t\n\n\n\t\t<\/div>\n\t\t\t\t\n<style>\n#col-1268469057 > .col-inner {\n  margin: -100px 0px 0px 0px;\n}\n@media (min-width:550px) {\n  #col-1268469057 > .col-inner {\n    margin: -150px 0px 0px 0px;\n  }\n}\n@media (min-width:850px) {\n  #col-1268469057 > .col-inner {\n    margin: -400px 0px 0px 0px;\n  }\n}\n<\/style>\n\t<\/div>\n\n\t\n\n\t<div id=\"col-1275384594\" class=\"col medium-11 small-12 large-7\"  >\n\t\t\t\t<div class=\"col-inner\"  >\n\t\t\t\n\t\t\t\n\n\t<div id=\"gap-1173859143\" class=\"gap-element clearfix\" style=\"display:block; height:auto;\">\n\t\t\n<style>\n#gap-1173859143 {\n  padding-top: 30px;\n}\n<\/style>\n\t<\/div>\n\t\n\n<p>C2V2 Holding LLC., es una firma de Consultores que trabaja enfocada cada<br \/>d\u00eda en la calidad de sus servicios y la atenci\u00f3n a nuestros clientes.<br \/>Nuestro equipo est\u00e1 compuesto por profesionales altamente calificados y<br \/>con una amplia experiencia en todas las \u00e1reas ofrecidas. Mantenemos un<br \/>conocimiento actualizado de las leyes fiscales y regulaciones en constante cambio, lo que nos permite ofrecer asesoramiento preciso y oportuno en un<br \/>entorno fiscal cada vez m\u00e1s complejo.<\/p>\n<p>\u00a0<\/p>\n\n\n\t\t<\/div>\n\t\t\t\t\n<style>\n#col-1275384594 > .col-inner {\n  padding: 0px 0px 0px 0;\n}\n@media (min-width:550px) {\n  #col-1275384594 > .col-inner {\n    padding: 0px 0px 0px 30px;\n  }\n}\n<\/style>\n\t<\/div>\n\n\t\n\n<\/div>\n\t<section class=\"section\" id=\"section_1591582402\">\n\t\t<div class=\"bg section-bg fill bg-fill  \" >\n\n\t\t\t\n\t\t\t\n\t\t\t\n\n\t\t<\/div>\n\n\t\t\n\n\t\t<div class=\"section-content relative\">\n\t\t\t\n\n\n\t\t<\/div>\n\n\t\t\n<style>\n#section_1591582402 {\n  padding-top: 30px;\n  padding-bottom: 30px;\n  min-height: 250px;\n}\n#section_1591582402 .section-bg.bg-loaded {\n  background-image: url(https:\/\/c2v2holdingllc.com\/wp-content\/uploads\/2024\/01\/cropped-2-1.png);\n}\n#section_1591582402 .section-bg {\n  background-position: 59% 90%;\n}\n@media (min-width:550px) {\n  #section_1591582402 {\n    min-height: 325px;\n  }\n}\n<\/style>\n\t<\/section>\n\t\n\t<section class=\"section\" id=\"section_658835117\">\n\t\t<div class=\"bg section-bg fill bg-fill  bg-loaded\" >\n\n\t\t\t\n\t\t\t\n\t\t\t\n\n\t\t<\/div>\n\n\t\t\n\n\t\t<div class=\"section-content relative\">\n\t\t\t\n\n\t<div id=\"gap-861599893\" class=\"gap-element clearfix\" style=\"display:block; height:auto;\">\n\t\t\n<style>\n#gap-861599893 {\n  padding-top: 20px;\n}\n@media (min-width:550px) {\n  #gap-861599893 {\n    padding-top: 40px;\n  }\n}\n<\/style>\n\t<\/div>\n\t\n\n<div class=\"row\"  id=\"row-963785901\">\n\n\n\t<div id=\"col-1270557508\" class=\"col medium-4 small-12 large-4\"  >\n\t\t\t\t<div class=\"col-inner\"  >\n\t\t\t\n\t\t\t\n\n\t<div id=\"gap-1724157428\" class=\"gap-element clearfix hide-for-medium\" style=\"display:block; height:auto;\">\n\t\t\n<style>\n#gap-1724157428 {\n  padding-top: 10px;\n}\n<\/style>\n\t<\/div>\n\t\n\n\t<div id=\"text-2097222090\" class=\"text\">\n\t\t\n\n<h4>Comprometidos con la Excelencia<\/h4>\n\t\t\n<style>\n#text-2097222090 {\n  font-size: 1.75rem;\n  line-height: 1.25;\n}\n@media (min-width:850px) {\n  #text-2097222090 {\n    line-height: 1.05;\n  }\n}\n<\/style>\n\t<\/div>\n\t\n\n\t\t<\/div>\n\t\t\t\t\n<style>\n#col-1270557508 > .col-inner {\n  margin: 0px 0px -20px 0px;\n}\n<\/style>\n\t<\/div>\n\n\t\n\n\t<div id=\"col-240718580\" class=\"col medium-8 small-12 large-8\"  >\n\t\t\t\t<div class=\"col-inner\"  >\n\t\t\t\n\t\t\t\n\n<p>En C2V2 Holding LLC., nos comprometemos con la excelencia, la integridad y<br \/>la confidencialidad en todo lo que hacemos. Valoramos las relaciones a largo<br \/>plazo con nuestros clientes y nos esforzamos por superar sus expectativas en<br \/>cada interacci\u00f3n.<\/p>\n\n\n\t\t<\/div>\n\t\t\t\t\t<\/div>\n\n\t\n\n<\/div>\n\n\t\t<\/div>\n\n\t\t\n<style>\n#section_658835117 {\n  padding-top: 30px;\n  padding-bottom: 30px;\n}\n<\/style>\n\t<\/section>\n\t\n\t<section class=\"section\" id=\"section_324821277\">\n\t\t<div class=\"bg section-bg fill bg-fill  bg-loaded\" >\n\n\t\t\t\n\t\t\t\n\t\t\t\n\n\t\t<\/div>\n\n\t\t\n\n\t\t<div class=\"section-content relative\">\n\t\t\t\n\n\t<div id=\"gap-1515180604\" class=\"gap-element clearfix\" style=\"display:block; height:auto;\">\n\t\t\n<style>\n#gap-1515180604 {\n  padding-top: 30px;\n}\n<\/style>\n\t<\/div>\n\t\n\n<div class=\"row align-center\"  id=\"row-404002744\">\n\n\n\t<div id=\"col-599044581\" class=\"col medium-5 small-12 large-5\"  >\n\t\t\t\t<div class=\"col-inner text-center\"  >\n\t\t\t\n\t\t\t\n\n\t<div id=\"text-598762553\" class=\"text\">\n\t\t\n\n<h6>Equipo Especializado<\/h6>\n\t\t\n<style>\n#text-598762553 {\n  font-size: 0.9rem;\n  color: rgb(255,255,255);\n}\n#text-598762553 > * {\n  color: rgb(255,255,255);\n}\n<\/style>\n\t<\/div>\n\t\n\t<div id=\"gap-1470105677\" class=\"gap-element clearfix\" style=\"display:block; height:auto;\">\n\t\t\n<style>\n#gap-1470105677 {\n  padding-top: 10px;\n}\n<\/style>\n\t<\/div>\n\t\n\n\t<div id=\"text-4123630922\" class=\"text\">\n\t\t\n\n<h3>Nuestros Profesionales<\/h3>\n\t\t\n<style>\n#text-4123630922 {\n  font-size: 2rem;\n  line-height: 1;\n  color: rgb(255, 255, 255);\n}\n#text-4123630922 > * {\n  color: rgb(255, 255, 255);\n}\n<\/style>\n\t<\/div>\n\t\n\n\t\t<\/div>\n\t\t\t\t\t<\/div>\n\n\t\n\n<\/div>\n<div class=\"row row-small\"  id=\"row-742239771\">\n\n\n\t<div id=\"col-1247522092\" class=\"col medium-3 small-6 large-6\"  >\n\t\t\t\t<div class=\"col-inner\"  >\n\t\t\t\n\t\t\t\n\n    <div class=\"box has-hover has-hover box-text-bottom\" >\n\n         <a href=\"https:\/\/c2v2holdingllc.com\/index.php\/cesar-alfonso-delgado-varela\/\" >         <div class=\"box-image image-grayscale\" style=\"width:80%;\">\n           <div class=\"box-image-inner image-cover\" style=\"border-radius:100%;padding-top:100%;\">\n              <img loading=\"lazy\" decoding=\"async\" width=\"916\" height=\"916\" src=\"https:\/\/c2v2holdingllc.com\/wp-content\/uploads\/2024\/03\/2.jpg\" class=\"attachment- size-\" alt=\"\" srcset=\"https:\/\/c2v2holdingllc.com\/wp-content\/uploads\/2024\/03\/2.jpg 916w, https:\/\/c2v2holdingllc.com\/wp-content\/uploads\/2024\/03\/2-300x300.jpg 300w, https:\/\/c2v2holdingllc.com\/wp-content\/uploads\/2024\/03\/2-150x150.jpg 150w, https:\/\/c2v2holdingllc.com\/wp-content\/uploads\/2024\/03\/2-768x768.jpg 768w\" sizes=\"(max-width: 916px) 100vw, 916px\" \/>                         <\/div>\n          <\/div>\n         <\/a>\n          <div class=\"box-text text-center\" style=\"background-color:rgb(255, 255, 255);\">\n                <div class=\"box-text-inner\">\n                  <h4 class=\"uppercase\">\n                    <span class=\"person-name\">Cesar Alfonso Delgado Varela<\/span><br\/>\n                    <span class=\"person-title is-small thin-font op-7\">\n                      Contador P\u00fablico                    <\/span>\n                  <\/h4>\n\t\t\t\t\t<div class=\"social-icons follow-icons\" ><a href=\"#\" target=\"_blank\" data-label=\"Facebook\" class=\"icon plain facebook tooltip\" title=\"S\u00edguenos en Facebook\" aria-label=\"S\u00edguenos en Facebook\" rel=\"noopener nofollow\" ><i class=\"icon-facebook\" ><\/i><\/a><a href=\"tel:#\" data-label=\"Phone\" target=\"_blank\" class=\"icon plain phone tooltip\" title=\"Ll\u00e1menos\" aria-label=\"Ll\u00e1menos\" rel=\"nofollow noopener\" ><i class=\"icon-phone\" ><\/i><\/a><a href=\"#cesaralfonsodelgado\" data-label=\"LinkedIn\" target=\"_blank\" class=\"icon plain linkedin tooltip\" title=\"S\u00edguenos en LinkedIn\" aria-label=\"S\u00edguenos en LinkedIn\" rel=\"noopener nofollow\" ><i class=\"icon-linkedin\" ><\/i><\/a><\/div>\n\n\t<div id=\"gap-650233589\" class=\"gap-element clearfix\" style=\"display:block; height:auto;\">\n\t\t\n<style>\n#gap-650233589 {\n  padding-top: 10px;\n}\n<\/style>\n\t<\/div>\n\t\n\n\n                <\/div>\n          <\/div>\n    <\/div>\n\n\t\n    \n\n\t\t<\/div>\n\t\t\t\t\t<\/div>\n\n\t\n\n\t<div id=\"col-105268608\" class=\"col medium-3 small-6 large-6\"  >\n\t\t\t\t<div class=\"col-inner\"  >\n\t\t\t\n\t\t\t\n\n    <div class=\"box has-hover has-hover box-text-bottom\" >\n\n         <a href=\"https:\/\/c2v2holdingllc.com\/index.php\/claudia-vanessa-munoz-tascon\/\" >         <div class=\"box-image image-grayscale\" style=\"width:80%;\">\n           <div class=\"box-image-inner image-cover\" style=\"border-radius:100%;padding-top:100%;\">\n              <img loading=\"lazy\" decoding=\"async\" width=\"2083\" height=\"2083\" src=\"https:\/\/c2v2holdingllc.com\/wp-content\/uploads\/2024\/04\/claudia_Mesa-de-trabajo-1.jpg\" class=\"attachment- size-\" alt=\"\" srcset=\"https:\/\/c2v2holdingllc.com\/wp-content\/uploads\/2024\/04\/claudia_Mesa-de-trabajo-1.jpg 2083w, https:\/\/c2v2holdingllc.com\/wp-content\/uploads\/2024\/04\/claudia_Mesa-de-trabajo-1-300x300.jpg 300w, https:\/\/c2v2holdingllc.com\/wp-content\/uploads\/2024\/04\/claudia_Mesa-de-trabajo-1-1024x1024.jpg 1024w, https:\/\/c2v2holdingllc.com\/wp-content\/uploads\/2024\/04\/claudia_Mesa-de-trabajo-1-150x150.jpg 150w, https:\/\/c2v2holdingllc.com\/wp-content\/uploads\/2024\/04\/claudia_Mesa-de-trabajo-1-768x768.jpg 768w, https:\/\/c2v2holdingllc.com\/wp-content\/uploads\/2024\/04\/claudia_Mesa-de-trabajo-1-1536x1536.jpg 1536w, https:\/\/c2v2holdingllc.com\/wp-content\/uploads\/2024\/04\/claudia_Mesa-de-trabajo-1-2048x2048.jpg 2048w\" sizes=\"(max-width: 2083px) 100vw, 2083px\" \/>                         <\/div>\n          <\/div>\n         <\/a>\n          <div class=\"box-text text-center\" style=\"background-color:rgb(255, 255, 255);\">\n                <div class=\"box-text-inner\">\n                  <h4 class=\"uppercase\">\n                    <span class=\"person-name\">Claudia Vanessa Mu\u00f1oz Tasc\u00f3n<\/span><br\/>\n                    <span class=\"person-title is-small thin-font op-7\">\n                      Administradora de Empresas                    <\/span>\n                  <\/h4>\n\t\t\t\t\t<div class=\"social-icons follow-icons\" ><a href=\"#\" target=\"_blank\" data-label=\"Facebook\" class=\"icon plain facebook tooltip\" title=\"S\u00edguenos en Facebook\" aria-label=\"S\u00edguenos en Facebook\" rel=\"noopener nofollow\" ><i class=\"icon-facebook\" ><\/i><\/a><a href=\"tel:#\" data-label=\"Phone\" target=\"_blank\" class=\"icon plain phone tooltip\" title=\"Ll\u00e1menos\" aria-label=\"Ll\u00e1menos\" rel=\"nofollow noopener\" ><i class=\"icon-phone\" ><\/i><\/a><a href=\"#\" data-label=\"LinkedIn\" target=\"_blank\" class=\"icon plain linkedin tooltip\" title=\"S\u00edguenos en LinkedIn\" aria-label=\"S\u00edguenos en LinkedIn\" rel=\"noopener nofollow\" ><i class=\"icon-linkedin\" ><\/i><\/a><\/div>\n\n\t<div id=\"gap-1725910023\" class=\"gap-element clearfix\" style=\"display:block; height:auto;\">\n\t\t\n<style>\n#gap-1725910023 {\n  padding-top: 10px;\n}\n<\/style>\n\t<\/div>\n\t\n\n\n                <\/div>\n          <\/div>\n    <\/div>\n\n\t\n    \n\n\t\t<\/div>\n\t\t\t\t\t<\/div>\n\n\t\n\n<\/div>\n\n\t\t<\/div>\n\n\t\t\n<style>\n#section_324821277 {\n  padding-top: 30px;\n  padding-bottom: 30px;\n  background-color: rgb(32, 38, 48);\n}\n<\/style>\n\t<\/section>\n\t\n<div class=\"row row-collapse row-full-width\"  id=\"row-593200169\">\n\n\n\t<div id=\"col-2138039185\" class=\"col small-12 large-12\"  >\n\t\t\t\t<div class=\"col-inner\" style=\"background-color:rgb(255,255,255);\" >\n\t\t\t\n\t\t\t\n\n<div class=\"row\"  id=\"row-1190029059\">\n\n\n\t<div id=\"col-1253600360\" class=\"col small-12 large-12\"  >\n\t\t\t\t<div class=\"col-inner\"  >\n\t\t\t\n\t\t\t\n\n\t<div id=\"gap-256910546\" class=\"gap-element clearfix\" style=\"display:block; height:auto;\">\n\t\t\n<style>\n#gap-256910546 {\n  padding-top: 50px;\n}\n<\/style>\n\t<\/div>\n\t\n\n\n\t\t<\/div>\n\t\t\t\t\t<\/div>\n\n\t\n\n<\/div>\n<div class=\"row row-collapse row-full-width align-middle\"  id=\"row-2030260808\">\n\n\n\t<div id=\"col-15415463\" class=\"col medium-12 small-12 large-5\"  >\n\t\t\t\t<div class=\"col-inner\"  >\n\t\t\t\n\t\t\t\n\n\t<div class=\"img has-hover x md-x lg-x y md-y lg-y\" id=\"image_1527485365\">\n\t\t\t\t\t\t\t\t<div class=\"img-inner image-grayscale dark\" >\n\t\t\t<img loading=\"lazy\" decoding=\"async\" width=\"1020\" height=\"348\" src=\"https:\/\/c2v2holdingllc.com\/wp-content\/uploads\/2024\/03\/Recurso-3-1024x349.png\" class=\"attachment-large size-large\" alt=\"\" srcset=\"https:\/\/c2v2holdingllc.com\/wp-content\/uploads\/2024\/03\/Recurso-3-1024x349.png 1024w, https:\/\/c2v2holdingllc.com\/wp-content\/uploads\/2024\/03\/Recurso-3-300x102.png 300w, https:\/\/c2v2holdingllc.com\/wp-content\/uploads\/2024\/03\/Recurso-3-768x261.png 768w, https:\/\/c2v2holdingllc.com\/wp-content\/uploads\/2024\/03\/Recurso-3-1536x523.png 1536w, https:\/\/c2v2holdingllc.com\/wp-content\/uploads\/2024\/03\/Recurso-3-2048x697.png 2048w\" sizes=\"(max-width: 1020px) 100vw, 1020px\" \/>\t\t\t\t\t\t\n\t\t\t\t\t<\/div>\n\t\t\t\t\t\t\t\t\n<style>\n#image_1527485365 {\n  width: 100%;\n}\n<\/style>\n\t<\/div>\n\t\n\n\t<div id=\"gap-1554394814\" class=\"gap-element clearfix\" style=\"display:block; height:auto;\">\n\t\t\n<style>\n#gap-1554394814 {\n  padding-top: 50px;\n}\n<\/style>\n\t<\/div>\n\t\n\n\n\t\t<\/div>\n\t\t\t\t\t<\/div>\n\n\t\n\n\t<div id=\"col-1685884014\" class=\"col medium-12 small-12 large-7\"  >\n\t\t\t\t<div class=\"col-inner dark\"  >\n\t\t\t\n\t\t\t\n\n<div class=\"row align-center\"  id=\"row-948805787\">\n\n\n\t<div id=\"col-1892118418\" class=\"col medium-8 small-12 large-8\"  >\n\t\t\t\t<div class=\"col-inner text-center\"  >\n\t\t\t\n\t\t\t\n\n\t<div id=\"gap-1635907618\" class=\"gap-element clearfix\" style=\"display:block; height:auto;\">\n\t\t\n<style>\n#gap-1635907618 {\n  padding-top: 30px;\n}\n<\/style>\n\t<\/div>\n\t\n\n\t<div id=\"text-3144550368\" class=\"text\">\n\t\t\n\n<h6>mega discounts<\/h6>\n\t\t\n<style>\n#text-3144550368 {\n  line-height: 1;\n}\n<\/style>\n\t<\/div>\n\t\n\t<div id=\"gap-350964669\" class=\"gap-element clearfix\" style=\"display:block; height:auto;\">\n\t\t\n<style>\n#gap-350964669 {\n  padding-top: 5px;\n}\n<\/style>\n\t<\/div>\n\t\n\n\t<div id=\"text-726321775\" class=\"text\">\n\t\t\n\n<h3><span style=\"color: #282828;\">Nuestros Aliados<\/span><\/h3>\n\t\t\n<style>\n#text-726321775 {\n  font-size: 2rem;\n  line-height: 1;\n}\n@media (min-width:550px) {\n  #text-726321775 {\n    font-size: 2.25rem;\n  }\n}\n<\/style>\n\t<\/div>\n\t\n<p><span style=\"color: #282828;\">Firma boutique especializada en estructuraci\u00f3n corporativa, financiera, tributaria y protecci\u00f3n patrimonial, tenemos mas de 20 a\u00f1os prestando servicios a nivel corporativo, individual y familiar dentro y fuera de los Estados Unidos.<\/span><\/p>\n\t<div id=\"gap-79727358\" class=\"gap-element clearfix\" style=\"display:block; height:auto;\">\n\t\t\n<style>\n#gap-79727358 {\n  padding-top: 50px;\n}\n<\/style>\n\t<\/div>\n\t\n\n\n\t\t<\/div>\n\t\t\t\t\n<style>\n#col-1892118418 > .col-inner {\n  padding: 0px 5% 0px 5%;\n}\n@media (min-width:550px) {\n  #col-1892118418 > .col-inner {\n    padding: 0 0px 0px 0px;\n  }\n}\n<\/style>\n\t<\/div>\n\n\t\n\n<\/div>\n\n\t\t<\/div>\n\t\t\t\t\n<style>\n#col-1685884014 > .col-inner {\n  padding: 10% 0px 8% 0px;\n}\n<\/style>\n\t<\/div>\n\n\t\n\n<\/div>\n\n\t\t<\/div>\n\t\t\t\t\t<\/div>\n\n\t\n\n<\/div>\n\t<section class=\"section dark\" id=\"section_2100838749\">\n\t\t<div class=\"bg section-bg fill bg-fill  bg-loaded\" >\n\n\t\t\t\n\t\t\t\n\t\t\t\n\n\t\t<\/div>\n\n\t\t\n\n\t\t<div class=\"section-content relative\">\n\t\t\t\n\n\t<div id=\"text-540536296\" class=\"text\">\n\t\t\n\n<h6>Contactenos<\/h6>\n\t\t\n<style>\n#text-540536296 {\n  font-size: 1.1rem;\n  text-align: center;\n}\n<\/style>\n\t<\/div>\n\t\n\t<div id=\"text-1295776357\" class=\"text\">\n\t\t\n\n<h2>Resolvemos sus dudas<\/h2>\n\t\t\n<style>\n#text-1295776357 {\n  font-size: 2rem;\n  text-align: center;\n}\n@media (min-width:550px) {\n  #text-1295776357 {\n    font-size: 1.5rem;\n  }\n}\n<\/style>\n\t<\/div>\n\t\n\t<div id=\"text-4255082515\" class=\"text\">\n\t\t\n\n<p>Te brindamos Asesor\u00eda eficaz<\/p>\n\t\t\n<style>\n#text-4255082515 {\n  text-align: center;\n}\n<\/style>\n\t<\/div>\n\t\n\t<div id=\"gap-1075672200\" class=\"gap-element clearfix\" style=\"display:block; height:auto;\">\n\t\t\n<style>\n#gap-1075672200 {\n  padding-top: 30px;\n}\n<\/style>\n\t<\/div>\n\t\n\n\n\t\t<\/div>\n\n\t\t\n<style>\n#section_2100838749 {\n  padding-top: 30px;\n  padding-bottom: 30px;\n  background-color: rgb(147, 136, 115);\n}\n<\/style>\n\t<\/section>\n\t\n\n","protected":false},"excerpt":{"rendered":"","protected":false},"author":1,"featured_media":0,"parent":0,"menu_order":0,"comment_status":"closed","ping_status":"closed","template":"page-blank.php","meta":{"footnotes":""},"yoast_head":"<!-- This site is optimized with the Yoast SEO plugin v23.3 - https:\/\/yoast.com\/wordpress\/plugins\/seo\/ -->\n<title>Sobre Nosotros - C2V2 Holding LLC<\/title>\n<meta name=\"robots\" content=\"index, follow, max-snippet:-1, max-image-preview:large, max-video-preview:-1\" \/>\n<link rel=\"canonical\" href=\"https:\/\/c2v2holdingllc.com\/index.php\/sobre-nosotros\/\" \/>\n<meta property=\"og:locale\" content=\"es_ES\" \/>\n<meta property=\"og:type\" content=\"article\" \/>\n<meta property=\"og:title\" content=\"Sobre Nosotros - C2V2 Holding LLC\" \/>\n<meta property=\"og:url\" content=\"https:\/\/c2v2holdingllc.com\/index.php\/sobre-nosotros\/\" \/>\n<meta property=\"og:site_name\" content=\"C2V2 Holding LLC\" \/>\n<meta property=\"article:modified_time\" content=\"2025-07-22T14:01:33+00:00\" \/>\n<meta name=\"twitter:card\" content=\"summary_large_image\" \/>\n<meta name=\"twitter:label1\" content=\"Tiempo de lectura\" \/>\n\t<meta name=\"twitter:data1\" content=\"3 minutos\" \/>\n<script type=\"application\/ld+json\" class=\"yoast-schema-graph\">{\"@context\":\"https:\/\/schema.org\",\"@graph\":[{\"@type\":\"WebPage\",\"@id\":\"https:\/\/c2v2holdingllc.com\/index.php\/sobre-nosotros\/\",\"url\":\"https:\/\/c2v2holdingllc.com\/index.php\/sobre-nosotros\/\",\"name\":\"Sobre Nosotros - C2V2 Holding LLC\",\"isPartOf\":{\"@id\":\"https:\/\/c2v2holdingllc.com\/#website\"},\"datePublished\":\"2024-03-05T00:44:07+00:00\",\"dateModified\":\"2025-07-22T14:01:33+00:00\",\"breadcrumb\":{\"@id\":\"https:\/\/c2v2holdingllc.com\/index.php\/sobre-nosotros\/#breadcrumb\"},\"inLanguage\":\"es\",\"potentialAction\":[{\"@type\":\"ReadAction\",\"target\":[\"https:\/\/c2v2holdingllc.com\/index.php\/sobre-nosotros\/\"]}]},{\"@type\":\"BreadcrumbList\",\"@id\":\"https:\/\/c2v2holdingllc.com\/index.php\/sobre-nosotros\/#breadcrumb\",\"itemListElement\":[{\"@type\":\"ListItem\",\"position\":1,\"name\":\"Portada\",\"item\":\"https:\/\/c2v2holdingllc.com\/\"},{\"@type\":\"ListItem\",\"position\":2,\"name\":\"Sobre Nosotros\"}]},{\"@type\":\"WebSite\",\"@id\":\"https:\/\/c2v2holdingllc.com\/#website\",\"url\":\"https:\/\/c2v2holdingllc.com\/\",\"name\":\"C2V2 Holding LLC\",\"description\":\"Asesor\u00eda y Planeaci\u00f3n Tributaria\",\"potentialAction\":[{\"@type\":\"SearchAction\",\"target\":{\"@type\":\"EntryPoint\",\"urlTemplate\":\"https:\/\/c2v2holdingllc.com\/?s={search_term_string}\"},\"query-input\":\"required name=search_term_string\"}],\"inLanguage\":\"es\"}]}<\/script>\n<!-- \/ Yoast SEO plugin. -->","yoast_head_json":{"title":"Sobre Nosotros - C2V2 Holding LLC","robots":{"index":"index","follow":"follow","max-snippet":"max-snippet:-1","max-image-preview":"max-image-preview:large","max-video-preview":"max-video-preview:-1"},"canonical":"https:\/\/c2v2holdingllc.com\/index.php\/sobre-nosotros\/","og_locale":"es_ES","og_type":"article","og_title":"Sobre Nosotros - C2V2 Holding LLC","og_url":"https:\/\/c2v2holdingllc.com\/index.php\/sobre-nosotros\/","og_site_name":"C2V2 Holding LLC","article_modified_time":"2025-07-22T14:01:33+00:00","twitter_card":"summary_large_image","twitter_misc":{"Tiempo de lectura":"3 minutos"},"schema":{"@context":"https:\/\/schema.org","@graph":[{"@type":"WebPage","@id":"https:\/\/c2v2holdingllc.com\/index.php\/sobre-nosotros\/","url":"https:\/\/c2v2holdingllc.com\/index.php\/sobre-nosotros\/","name":"Sobre Nosotros - C2V2 Holding LLC","isPartOf":{"@id":"https:\/\/c2v2holdingllc.com\/#website"},"datePublished":"2024-03-05T00:44:07+00:00","dateModified":"2025-07-22T14:01:33+00:00","breadcrumb":{"@id":"https:\/\/c2v2holdingllc.com\/index.php\/sobre-nosotros\/#breadcrumb"},"inLanguage":"es","potentialAction":[{"@type":"ReadAction","target":["https:\/\/c2v2holdingllc.com\/index.php\/sobre-nosotros\/"]}]},{"@type":"BreadcrumbList","@id":"https:\/\/c2v2holdingllc.com\/index.php\/sobre-nosotros\/#breadcrumb","itemListElement":[{"@type":"ListItem","position":1,"name":"Portada","item":"https:\/\/c2v2holdingllc.com\/"},{"@type":"ListItem","position":2,"name":"Sobre Nosotros"}]},{"@type":"WebSite","@id":"https:\/\/c2v2holdingllc.com\/#website","url":"https:\/\/c2v2holdingllc.com\/","name":"C2V2 Holding LLC","description":"Asesor\u00eda y Planeaci\u00f3n Tributaria","potentialAction":[{"@type":"SearchAction","target":{"@type":"EntryPoint","urlTemplate":"https:\/\/c2v2holdingllc.com\/?s={search_term_string}"},"query-input":"required name=search_term_string"}],"inLanguage":"es"}]}},"_links":{"self":[{"href":"https:\/\/c2v2holdingllc.com\/index.php\/wp-json\/wp\/v2\/pages\/724"}],"collection":[{"href":"https:\/\/c2v2holdingllc.com\/index.php\/wp-json\/wp\/v2\/pages"}],"about":[{"href":"https:\/\/c2v2holdingllc.com\/index.php\/wp-json\/wp\/v2\/types\/page"}],"author":[{"embeddable":true,"href":"https:\/\/c2v2holdingllc.com\/index.php\/wp-json\/wp\/v2\/users\/1"}],"replies":[{"embeddable":true,"href":"https:\/\/c2v2holdingllc.com\/index.php\/wp-json\/wp\/v2\/comments?post=724"}],"version-history":[{"count":18,"href":"https:\/\/c2v2holdingllc.com\/index.php\/wp-json\/wp\/v2\/pages\/724\/revisions"}],"predecessor-version":[{"id":963,"href":"https:\/\/c2v2holdingllc.com\/index.php\/wp-json\/wp\/v2\/pages\/724\/revisions\/963"}],"wp:attachment":[{"href":"https:\/\/c2v2holdingllc.com\/index.php\/wp-json\/wp\/v2\/media?parent=724"}],"curies":[{"name":"wp","href":"https:\/\/api.w.org\/{rel}","templated":true}]}}