{"id":830,"date":"2024-04-01T19:25:27","date_gmt":"2024-04-01T17:25:27","guid":{"rendered":"https:\/\/c2v2holdingllc.com\/?page_id=830"},"modified":"2025-07-22T16:13:59","modified_gmt":"2025-07-22T14:13:59","slug":"cesar-alfonso-delgado-varela","status":"publish","type":"page","link":"https:\/\/c2v2holdingllc.com\/index.php\/cesar-alfonso-delgado-varela\/","title":{"rendered":"Cesar Alfonso Delgado Varela"},"content":{"rendered":"\n\t<section class=\"section\" id=\"section_1031715847\">\n\t\t<div class=\"bg section-bg fill bg-fill  \" >\n\n\t\t\t\n\t\t\t<div class=\"section-bg-overlay absolute fill\"><\/div>\n\t\t\t\n\n\t\t<\/div>\n\n\t\t\n\n\t\t<div class=\"section-content relative\">\n\t\t\t\n\n<div class=\"row\" style=\"max-width:1200px\" id=\"row-89998989\">\n\n\n\t<div id=\"col-135336730\" class=\"col medium-5 small-12 large-5\"  >\n\t\t\t\t<div class=\"col-inner\"  >\n\t\t\t\n\t\t\t\n\n\t<div id=\"gap-404336391\" class=\"gap-element clearfix\" style=\"display:block; height:auto;\">\n\t\t\n<style>\n#gap-404336391 {\n  padding-top: 0px;\n}\n@media (min-width:850px) {\n  #gap-404336391 {\n    padding-top: 30px;\n  }\n}\n<\/style>\n\t<\/div>\n\t\n\n\n\t\t<\/div>\n\t\t\t\t\t<\/div>\n\n\t\n\n\t<div id=\"col-1652238123\" class=\"col medium-12 small-12 large-7\"  >\n\t\t\t\t<div class=\"col-inner\"  >\n\t\t\t\n\t\t\t\n\n\t<div id=\"gap-585897328\" class=\"gap-element clearfix\" style=\"display:block; height:auto;\">\n\t\t\n<style>\n#gap-585897328 {\n  padding-top: 30px;\n}\n<\/style>\n\t<\/div>\n\t\n\n\t<div id=\"text-4095032978\" class=\"text\">\n\t\t\n\n<h6>My coaching story<\/h6>\n\t\t\n<style>\n#text-4095032978 {\n  font-size: 1rem;\n}\n@media (min-width:550px) {\n  #text-4095032978 {\n    font-size: 1.25rem;\n  }\n}\n<\/style>\n\t<\/div>\n\t\n\t<div id=\"text-104380207\" class=\"text\">\n\t\t\n\n<h1>Cesar Alfonso Delgado Varela<\/h1>\n\t\t\n<style>\n#text-104380207 {\n  font-size: 2.5rem;\n  color: rgb(255,255,255);\n}\n#text-104380207 > * {\n  color: rgb(255,255,255);\n}\n@media (min-width:550px) {\n  #text-104380207 {\n    font-size: 1.85rem;\n  }\n}\n<\/style>\n\t<\/div>\n\t\n\n\t\t<\/div>\n\t\t\t\t\n<style>\n#col-1652238123 > .col-inner {\n  padding: 0px 0px 0px 0;\n}\n@media (min-width:550px) {\n  #col-1652238123 > .col-inner {\n    padding: 0px 0px 0px 30px;\n  }\n}\n<\/style>\n\t<\/div>\n\n\t\n\n<\/div>\n\n\t\t<\/div>\n\n\t\t\n<style>\n#section_1031715847 {\n  padding-top: 30px;\n  padding-bottom: 30px;\n  min-height: 300px;\n  background-color: #4f4f4f;\n}\n#section_1031715847 .section-bg-overlay {\n  background-color: rgba(0,0,0,.5);\n}\n#section_1031715847 .section-bg.bg-loaded {\n  background-image: url(https:\/\/c2v2holdingllc.com\/wp-content\/uploads\/2024\/03\/pexels-sevenstorm-juhaszimrus-566378-scaled.jpg);\n}\n#section_1031715847 .section-bg {\n  background-position: 65% 100%;\n}\n@media (min-width:550px) {\n  #section_1031715847 {\n    min-height: 450px;\n  }\n}\n@media (min-width:850px) {\n  #section_1031715847 {\n    min-height: 500px;\n  }\n}\n<\/style>\n\t<\/section>\n\t\n<div class=\"row\" style=\"max-width:1200px\" id=\"row-1109074269\">\n\n\n\t<div id=\"col-2027159434\" class=\"col medium-12 small-12 large-5\"  >\n\t\t\t\t<div class=\"col-inner\"  >\n\t\t\t\n\t\t\t\n\n\n  <div class=\"banner has-hover bg-grayscale\" id=\"banner-1553218348\">\n          <div class=\"banner-inner fill\">\n        <div class=\"banner-bg fill\" >\n            <div class=\"bg fill bg-fill \"><\/div>\n                                    \n                    <\/div>\n\t\t\n        <div class=\"banner-layers container\">\n            <div class=\"fill banner-link\"><\/div>            \n\n   <div id=\"text-box-482604794\" class=\"text-box banner-layer x50 md-x50 lg-x50 y50 md-y50 lg-y50 res-text\">\n                                <div class=\"text-box-content text dark\">\n              \n              <div class=\"text-inner text-center\">\n                  \n\n\n              <\/div>\n           <\/div>\n                            \n<style>\n#text-box-482604794 {\n  width: 60%;\n}\n#text-box-482604794 .text-box-content {\n  font-size: 100%;\n}\n@media (min-width:550px) {\n  #text-box-482604794 {\n    width: 60%;\n  }\n}\n<\/style>\n    <\/div>\n \n\n        <\/div>\n      <\/div>\n\n            \n<style>\n#banner-1553218348 {\n  padding-top: 300px;\n  background-color: rgb(255, 255, 255);\n}\n#banner-1553218348 .bg.bg-loaded {\n  background-image: url(https:\/\/c2v2holdingllc.com\/wp-content\/uploads\/2024\/03\/2.jpg);\n}\n#banner-1553218348 .bg {\n  background-position: 50% 56%;\n}\n@media (min-width:550px) {\n  #banner-1553218348 {\n    padding-top: 500px;\n  }\n}\n@media (min-width:850px) {\n  #banner-1553218348 {\n    padding-top: 650px;\n  }\n}\n<\/style>\n  <\/div>\n\n\n\t<div id=\"gap-676641765\" class=\"gap-element clearfix\" style=\"display:block; height:auto;\">\n\t\t\n<style>\n#gap-676641765 {\n  padding-top: 0px;\n}\n@media (min-width:850px) {\n  #gap-676641765 {\n    padding-top: 100px;\n  }\n}\n<\/style>\n\t<\/div>\n\t\n\n\n\t\t<\/div>\n\t\t\t\t\n<style>\n#col-2027159434 > .col-inner {\n  margin: -100px 0px 0px 0px;\n}\n@media (min-width:550px) {\n  #col-2027159434 > .col-inner {\n    margin: -150px 0px 0px 0px;\n  }\n}\n@media (min-width:850px) {\n  #col-2027159434 > .col-inner {\n    margin: -400px 0px 0px 0px;\n  }\n}\n<\/style>\n\t<\/div>\n\n\t\n\n\t<div id=\"col-204266782\" class=\"col medium-11 small-12 large-7\"  >\n\t\t\t\t<div class=\"col-inner\"  >\n\t\t\t\n\t\t\t\n\n\t<div id=\"gap-1051999577\" class=\"gap-element clearfix\" style=\"display:block; height:auto;\">\n\t\t\n<style>\n#gap-1051999577 {\n  padding-top: 30px;\n}\n<\/style>\n\t<\/div>\n\t\n\n<div class=\"container section-title-container\" ><h4 class=\"section-title section-title-normal\"><b><\/b><span class=\"section-title-main\" >Contador P\u00fablico de la Universidad Cooperativa de Colombia (2005),<\/span><b><\/b><\/h4><\/div>\n\n<p>Cuenta con estudios en Derecho Comercial y Planeaci\u00f3n Patrimonial para Empresas Familiares. Ha cursado Tributaci\u00f3n y Planeaci\u00f3n Patrimonial de personas F\u00edsicas en el Ilustre Colegio de Abogados de M\u00e9xico, Tributaci\u00f3n Internacional EE.UU. en USCD en EE.UU. Actualmente se desempa\u00f1a como Director Tributario en Trial Asesores S.A.S, Asesor Tributario en Trial Advisors desde el a\u00f1o 2021 en Miami, y Director Fiscal Corporativo en Soletri S.A.S. desde el a\u00f1o 2021.<\/p>\n\n\t\t<\/div>\n\t\t\t\t\n<style>\n#col-204266782 > .col-inner {\n  padding: 0px 0px 0px 0;\n}\n@media (min-width:550px) {\n  #col-204266782 > .col-inner {\n    padding: 0px 0px 0px 30px;\n  }\n}\n<\/style>\n\t<\/div>\n\n\t\n\n<\/div>\n\t<section class=\"section\" id=\"section_300970137\">\n\t\t<div class=\"bg section-bg fill bg-fill  bg-loaded\" >\n\n\t\t\t\n\t\t\t\n\t\t\t\n\n\t\t<\/div>\n\n\t\t\n\n\t\t<div class=\"section-content relative\">\n\t\t\t\n\n<div class=\"row\" style=\"max-width:1200px\" id=\"row-1410311807\">\n\n\n\t<div id=\"col-633420719\" class=\"col small-12 large-12\"  >\n\t\t\t\t<div class=\"col-inner\"  >\n\t\t\t\n\t\t\t\n\n\t<div id=\"text-3565334399\" class=\"text\">\n\t\t\n\n<h1>Especializaciones<\/h1>\n\t\t\n<style>\n#text-3565334399 {\n  font-size: 1.75rem;\n  text-align: center;\n}\n<\/style>\n\t<\/div>\n\t\n\n\t\t<\/div>\n\t\t\t\t\t<\/div>\n\n\t\n\n<\/div>\n<div class=\"row row-large row-solid\" style=\"max-width:1200px\" id=\"row-241698513\">\n\n\n\t<div id=\"col-1347277387\" class=\"col medium-10 small-12 large-6\"  >\n\t\t\t\t<div class=\"col-inner\"  >\n\t\t\t\n\t\t\t\n\n\n\t\t<div class=\"icon-box featured-box icon-box-left text-left\"  >\n\t\t\t\t\t<div class=\"icon-box-img\" style=\"width: 69px\">\n\t\t\t\t<div class=\"icon\">\n\t\t\t\t\t<div class=\"icon-inner\" >\n\t\t\t\t\t\t<img loading=\"lazy\" decoding=\"async\" width=\"120\" height=\"120\" src=\"https:\/\/c2v2holdingllc.com\/wp-content\/uploads\/2024\/03\/check-line.png\" class=\"attachment-medium size-medium\" alt=\"\" \/>\t\t\t\t\t<\/div>\n\t\t\t\t<\/div>\n\t\t\t<\/div>\n\t\t\t\t<div class=\"icon-box-text last-reset\">\n\t\t\t\t\t\t\t\t\t\n\n<p>Especialista en Gerencia Tributaria de la Universidad Libre sede Cali (2006),<\/p>\n\n\t\t<\/div>\n\t<\/div>\n\t\n\t\n\t<div id=\"gap-1034423046\" class=\"gap-element clearfix\" style=\"display:block; height:auto;\">\n\t\t\n<style>\n#gap-1034423046 {\n  padding-top: 30px;\n}\n<\/style>\n\t<\/div>\n\t\n\n\n\t\t<div class=\"icon-box featured-box icon-box-left text-left\"  >\n\t\t\t\t\t<div class=\"icon-box-img\" style=\"width: 69px\">\n\t\t\t\t<div class=\"icon\">\n\t\t\t\t\t<div class=\"icon-inner\" >\n\t\t\t\t\t\t<img loading=\"lazy\" decoding=\"async\" width=\"120\" height=\"120\" src=\"https:\/\/c2v2holdingllc.com\/wp-content\/uploads\/2024\/03\/check-line.png\" class=\"attachment-medium size-medium\" alt=\"\" \/>\t\t\t\t\t<\/div>\n\t\t\t\t<\/div>\n\t\t\t<\/div>\n\t\t\t\t<div class=\"icon-box-text last-reset\">\n\t\t\t\t\t\t\t\t\t\n\n<p>Especialista en Derecho Tributario Internacional de la Universidad Externado de Colombia (2022).<\/p>\n\n\t\t<\/div>\n\t<\/div>\n\t\n\t\n\n\t\t<div class=\"icon-box featured-box icon-box-left text-left\"  >\n\t\t\t\t\t<div class=\"icon-box-img\" style=\"width: 69px\">\n\t\t\t\t<div class=\"icon\">\n\t\t\t\t\t<div class=\"icon-inner\" >\n\t\t\t\t\t\t<img loading=\"lazy\" decoding=\"async\" width=\"120\" height=\"120\" src=\"https:\/\/c2v2holdingllc.com\/wp-content\/uploads\/2024\/03\/check-line.png\" class=\"attachment-medium size-medium\" alt=\"\" \/>\t\t\t\t\t<\/div>\n\t\t\t\t<\/div>\n\t\t\t<\/div>\n\t\t\t\t<div class=\"icon-box-text last-reset\">\n\t\t\t\t\t\t\t\t\t\n\n<p>Estudios en Derecho Comercial y Planeaci\u00f3n Patrimonial para Empresas<\/p>\n\n\t\t<\/div>\n\t<\/div>\n\t\n\t\n\t<div id=\"gap-702755203\" class=\"gap-element clearfix\" style=\"display:block; height:auto;\">\n\t\t\n<style>\n#gap-702755203 {\n  padding-top: 30px;\n}\n<\/style>\n\t<\/div>\n\t\n\n\t<div id=\"gap-106133194\" class=\"gap-element clearfix\" style=\"display:block; height:auto;\">\n\t\t\n<style>\n#gap-106133194 {\n  padding-top: 30px;\n}\n<\/style>\n\t<\/div>\n\t\n\n\n\t\t<\/div>\n\t\t\t\t\n<style>\n#col-1347277387 > .col-inner {\n  padding: 0px 0 0px 0px;\n}\n@media (min-width:850px) {\n  #col-1347277387 > .col-inner {\n    padding: 0px 40px 0px 0px;\n  }\n}\n<\/style>\n\t<\/div>\n\n\t\n\n\t<div id=\"col-1959809375\" class=\"col medium-10 small-12 large-6\"  >\n\t\t\t\t<div class=\"col-inner\"  >\n\t\t\t\n\t\t\t\n\n\n\t\t<div class=\"icon-box featured-box icon-box-left text-left\"  >\n\t\t\t\t\t<div class=\"icon-box-img\" style=\"width: 69px\">\n\t\t\t\t<div class=\"icon\">\n\t\t\t\t\t<div class=\"icon-inner\" >\n\t\t\t\t\t\t<img loading=\"lazy\" decoding=\"async\" width=\"120\" height=\"120\" src=\"https:\/\/c2v2holdingllc.com\/wp-content\/uploads\/2024\/03\/check-line.png\" class=\"attachment-medium size-medium\" alt=\"\" \/>\t\t\t\t\t<\/div>\n\t\t\t\t<\/div>\n\t\t\t<\/div>\n\t\t\t\t<div class=\"icon-box-text last-reset\">\n\t\t\t\t\t\t\t\t\t\n\n<p>Mag\u00edster en Derecho Tributario de la Universidad Externado de Colombia (2012).<\/p>\n\n\t\t<\/div>\n\t<\/div>\n\t\n\t\n\t<div id=\"gap-629258528\" class=\"gap-element clearfix\" style=\"display:block; height:auto;\">\n\t\t\n<style>\n#gap-629258528 {\n  padding-top: 30px;\n}\n<\/style>\n\t<\/div>\n\t\n\n\n\t\t<div class=\"icon-box featured-box icon-box-left text-left\"  >\n\t\t\t\t\t<div class=\"icon-box-img\" style=\"width: 68px\">\n\t\t\t\t<div class=\"icon\">\n\t\t\t\t\t<div class=\"icon-inner\" >\n\t\t\t\t\t\t<img loading=\"lazy\" decoding=\"async\" width=\"120\" height=\"120\" src=\"https:\/\/c2v2holdingllc.com\/wp-content\/uploads\/2024\/03\/check-line.png\" class=\"attachment-medium size-medium\" alt=\"\" \/>\t\t\t\t\t<\/div>\n\t\t\t\t<\/div>\n\t\t\t<\/div>\n\t\t\t\t<div class=\"icon-box-text last-reset\">\n\t\t\t\t\t\t\t\t\t\n\n<p>Postgrado en Tributaci\u00f3n Internacional e Impuestos en la Universidad de Maastricht (Bruselas) 2023.<\/p>\n\n\t\t<\/div>\n\t<\/div>\n\t\n\t\n\n\t\t<div class=\"icon-box featured-box icon-box-left text-left\"  >\n\t\t\t\t\t<div class=\"icon-box-img\" style=\"width: 69px\">\n\t\t\t\t<div class=\"icon\">\n\t\t\t\t\t<div class=\"icon-inner\" >\n\t\t\t\t\t\t<img loading=\"lazy\" decoding=\"async\" width=\"120\" height=\"120\" src=\"https:\/\/c2v2holdingllc.com\/wp-content\/uploads\/2024\/03\/check-line.png\" class=\"attachment-medium size-medium\" alt=\"\" \/>\t\t\t\t\t<\/div>\n\t\t\t\t<\/div>\n\t\t\t<\/div>\n\t\t\t\t<div class=\"icon-box-text last-reset\">\n\t\t\t\t\t\t\t\t\t\n\n<p>Tributaci\u00f3n y Planeaci\u00f3n Patrimonial de personas F\u00edsicas en el Ilustre Colegio de Abogados de M\u00e9xico, Tributaci\u00f3n Internacional EE.UU. en USCD en EE.UU.<\/p>\n\n\t\t<\/div>\n\t<\/div>\n\t\n\t\n\n\t\t<div class=\"icon-box featured-box icon-box-left text-left\"  >\n\t\t\t\t\t<div class=\"icon-box-img\" style=\"width: 68px\">\n\t\t\t\t<div class=\"icon\">\n\t\t\t\t\t<div class=\"icon-inner\" >\n\t\t\t\t\t\t<img loading=\"lazy\" decoding=\"async\" width=\"120\" height=\"120\" src=\"https:\/\/c2v2holdingllc.com\/wp-content\/uploads\/2024\/03\/check-line.png\" class=\"attachment-medium size-medium\" alt=\"\" \/>\t\t\t\t\t<\/div>\n\t\t\t\t<\/div>\n\t\t\t<\/div>\n\t\t\t\t<div class=\"icon-box-text last-reset\">\n\t\t\t\t\t\t\t\t\t\n\n\t<div id=\"text-3607569906\" class=\"text\">\n\t\t\n\n<p>U.S Tax Law Program &#8211; University of San Diego, USA.<\/p>\n\t\t\n<style>\n#text-3607569906 {\n  line-height: 3;\n  text-align: left;\n}\n<\/style>\n\t<\/div>\n\t\n\n\t\t<\/div>\n\t<\/div>\n\t\n\t\n\n\t\t<div class=\"icon-box featured-box icon-box-left text-left\"  >\n\t\t\t\t\t<div class=\"icon-box-img\" style=\"width: 68px\">\n\t\t\t\t<div class=\"icon\">\n\t\t\t\t\t<div class=\"icon-inner\" >\n\t\t\t\t\t\t<img loading=\"lazy\" decoding=\"async\" width=\"120\" height=\"120\" src=\"https:\/\/c2v2holdingllc.com\/wp-content\/uploads\/2024\/03\/check-line.png\" class=\"attachment-medium size-medium\" alt=\"\" \/>\t\t\t\t\t<\/div>\n\t\t\t\t<\/div>\n\t\t\t<\/div>\n\t\t\t\t<div class=\"icon-box-text last-reset\">\n\t\t\t\t\t\t\t\t\t\n\n\t<div id=\"text-4179820831\" class=\"text\">\n\t\t\n\n<p>U.S Programa jur\u00eddico avanzado en Fiscalidad Global. IE University- Madrid &#8211; Espa\u00f1a. <\/p>\n\t\t\n<style>\n#text-4179820831 {\n  font-size: 1rem;\n  line-height: 1.75;\n  text-align: left;\n}\n<\/style>\n\t<\/div>\n\t\n\n\t\t<\/div>\n\t<\/div>\n\t\n\t\n\t<div id=\"gap-824306068\" class=\"gap-element clearfix\" style=\"display:block; height:auto;\">\n\t\t\n<style>\n#gap-824306068 {\n  padding-top: 30px;\n}\n<\/style>\n\t<\/div>\n\t\n\n\n\t\t<\/div>\n\t\t\t\t\n<style>\n#col-1959809375 > .col-inner {\n  padding: 0px 0px 0px 0;\n}\n@media (min-width:850px) {\n  #col-1959809375 > .col-inner {\n    padding: 0px 0px 0px 30px;\n  }\n}\n<\/style>\n\t<\/div>\n\n\t\n\n<\/div>\n\t<div id=\"gap-1615094331\" class=\"gap-element clearfix\" style=\"display:block; height:auto;\">\n\t\t\n<style>\n#gap-1615094331 {\n  padding-top: 30px;\n}\n<\/style>\n\t<\/div>\n\t\n\n\n\t\t<\/div>\n\n\t\t\n<style>\n#section_300970137 {\n  padding-top: 0px;\n  padding-bottom: 0px;\n  background-color: rgb(236, 236, 236);\n}\n<\/style>\n\t<\/section>\n\t\n\t<section class=\"section dark\" id=\"section_717143756\">\n\t\t<div class=\"bg section-bg fill bg-fill  bg-loaded\" >\n\n\t\t\t\n\t\t\t\n\t\t\t\n\n\t\t<\/div>\n\n\t\t\n\n\t\t<div class=\"section-content relative\">\n\t\t\t\n\n<div class=\"row align-bottom\" style=\"max-width:1200px\" id=\"row-1750764174\">\n\n\n\t<div id=\"col-786696995\" class=\"col medium-12 small-12 large-6\"  >\n\t\t\t\t<div class=\"col-inner\"  >\n\t\t\t\n\t\t\t\n\n\t<div id=\"text-435077814\" class=\"text\">\n\t\t\n\n<p>Dudas e Inquietudes<\/p>\n\t\t\n<style>\n#text-435077814 {\n  font-size: 1.1rem;\n  text-align: left;\n}\n<\/style>\n\t<\/div>\n\t\n\t<div id=\"text-358424649\" class=\"text\">\n\t\t\n\n<h2>\u00bfM\u00e1s informaci\u00f3n?<\/h2>\n\t\t\n<style>\n#text-358424649 {\n  font-size: 1.75rem;\n}\n@media (min-width:550px) {\n  #text-358424649 {\n    font-size: 1.5rem;\n  }\n}\n<\/style>\n\t<\/div>\n\t\n<p>Escr\u00edbenos para recibir una asesor\u00eda eficaz. Somos un equipo de expertos dispuestos a brindarle soluciones.<\/p>\n\n\t\t<\/div>\n\t\t\t\t\t<\/div>\n\n\t\n\n\t<div id=\"col-606631654\" class=\"col medium-12 small-12 large-6\"  >\n\t\t\t\t<div class=\"col-inner\"  >\n\t\t\t\n\t\t\t\n\n<a class=\"button white expand\"  style=\"padding:5px 0px 5px 0px;\">\n    <span>Cont\u00e1cto<\/span>\n  <\/a>\n\n\n\n\t\t<\/div>\n\t\t\t\t\n<style>\n#col-606631654 > .col-inner {\n  padding: 0px 0px 0px 0;\n  margin: 0 0px 0px 0px;\n}\n@media (min-width:850px) {\n  #col-606631654 > .col-inner {\n    padding: 0px 0px 0px 30px;\n    margin: -70px 0px 0px 0px;\n  }\n}\n<\/style>\n\t<\/div>\n\n\t\n\n<\/div>\n\t<div id=\"gap-1752194244\" class=\"gap-element clearfix\" style=\"display:block; height:auto;\">\n\t\t\n<style>\n#gap-1752194244 {\n  padding-top: 50px;\n}\n<\/style>\n\t<\/div>\n\t\n\n\n\t\t<\/div>\n\n\t\t\n<style>\n#section_717143756 {\n  padding-top: 80px;\n  padding-bottom: 80px;\n  background-color: rgb(39, 54, 71);\n}\n<\/style>\n\t<\/section>\n\t\n\t<section class=\"section\" id=\"section_578026650\">\n\t\t<div class=\"bg section-bg fill bg-fill  bg-loaded\" >\n\n\t\t\t\n\t\t\t\n\t\t\t\n\n\t\t<\/div>\n\n\t\t\n\n\t\t<div class=\"section-content relative\">\n\t\t\t\n\n<div class=\"row\" style=\"max-width:1200px\" id=\"row-1737907656\">\n\n\n\t<div id=\"col-543858848\" class=\"col small-12 large-12\"  >\n\t\t\t\t<div class=\"col-inner\"  >\n\t\t\t\n\t\t\t\n\n\n  <div class=\"banner has-hover\" id=\"banner-73328179\">\n          <div class=\"banner-inner fill\">\n        <div class=\"banner-bg fill\" >\n            <div class=\"bg fill bg-fill \"><\/div>\n                                    \n                    <\/div>\n\t\t\n        <div class=\"banner-layers container\">\n            <div class=\"fill banner-link\"><\/div>            \n\n   <div id=\"text-box-573868768\" class=\"text-box banner-layer x50 md-x50 lg-x50 y50 md-y50 lg-y50 res-text\">\n                                <div class=\"text-box-content text dark\">\n              \n              <div class=\"text-inner text-center\">\n                  \n\n\n              <\/div>\n           <\/div>\n                            \n<style>\n#text-box-573868768 {\n  width: 60%;\n}\n#text-box-573868768 .text-box-content {\n  font-size: 100%;\n}\n@media (min-width:550px) {\n  #text-box-573868768 {\n    width: 60%;\n  }\n}\n<\/style>\n    <\/div>\n \n\n        <\/div>\n      <\/div>\n\n            \n<style>\n#banner-73328179 {\n  padding-top: 200px;\n  background-color: rgb(255, 255, 255);\n}\n#banner-73328179 .bg.bg-loaded {\n  background-image: url(https:\/\/c2v2holdingllc.com\/wp-content\/uploads\/2024\/01\/blog-1024x576.png);\n}\n#banner-73328179 .bg {\n  background-position: 17% 29%;\n}\n@media (min-width:550px) {\n  #banner-73328179 {\n    padding-top: 350px;\n  }\n}\n@media (min-width:850px) {\n  #banner-73328179 {\n    padding-top: 400px;\n  }\n}\n<\/style>\n  <\/div>\n\n\n\n\t\t<\/div>\n\t\t\t\t\n<style>\n#col-543858848 > .col-inner {\n  margin: -120px 0px 0px 0px;\n}\n<\/style>\n\t<\/div>\n\n\t\n\n<\/div>\n\n\t\t<\/div>\n\n\t\t\n<style>\n#section_578026650 {\n  padding-top: 30px;\n  padding-bottom: 30px;\n}\n<\/style>\n\t<\/section>\n\t\n\n","protected":false},"excerpt":{"rendered":"","protected":false},"author":1,"featured_media":0,"parent":0,"menu_order":0,"comment_status":"closed","ping_status":"closed","template":"page-blank.php","meta":{"footnotes":""},"yoast_head":"<!-- This site is optimized with the Yoast SEO plugin v23.3 - https:\/\/yoast.com\/wordpress\/plugins\/seo\/ -->\n<title>Cesar Alfonso Delgado Varela - C2V2 Holding LLC<\/title>\n<meta name=\"robots\" content=\"index, follow, max-snippet:-1, max-image-preview:large, max-video-preview:-1\" \/>\n<link rel=\"canonical\" href=\"https:\/\/c2v2holdingllc.com\/index.php\/cesar-alfonso-delgado-varela\/\" \/>\n<meta property=\"og:locale\" content=\"es_ES\" \/>\n<meta property=\"og:type\" content=\"article\" \/>\n<meta property=\"og:title\" content=\"Cesar Alfonso Delgado Varela - C2V2 Holding LLC\" \/>\n<meta property=\"og:url\" content=\"https:\/\/c2v2holdingllc.com\/index.php\/cesar-alfonso-delgado-varela\/\" \/>\n<meta property=\"og:site_name\" content=\"C2V2 Holding LLC\" \/>\n<meta property=\"article:modified_time\" content=\"2025-07-22T14:13:59+00:00\" \/>\n<meta name=\"twitter:card\" content=\"summary_large_image\" \/>\n<meta name=\"twitter:label1\" content=\"Tiempo de lectura\" \/>\n\t<meta name=\"twitter:data1\" content=\"3 minutos\" \/>\n<script type=\"application\/ld+json\" class=\"yoast-schema-graph\">{\"@context\":\"https:\/\/schema.org\",\"@graph\":[{\"@type\":\"WebPage\",\"@id\":\"https:\/\/c2v2holdingllc.com\/index.php\/cesar-alfonso-delgado-varela\/\",\"url\":\"https:\/\/c2v2holdingllc.com\/index.php\/cesar-alfonso-delgado-varela\/\",\"name\":\"Cesar Alfonso Delgado Varela - C2V2 Holding LLC\",\"isPartOf\":{\"@id\":\"https:\/\/c2v2holdingllc.com\/#website\"},\"datePublished\":\"2024-04-01T17:25:27+00:00\",\"dateModified\":\"2025-07-22T14:13:59+00:00\",\"breadcrumb\":{\"@id\":\"https:\/\/c2v2holdingllc.com\/index.php\/cesar-alfonso-delgado-varela\/#breadcrumb\"},\"inLanguage\":\"es\",\"potentialAction\":[{\"@type\":\"ReadAction\",\"target\":[\"https:\/\/c2v2holdingllc.com\/index.php\/cesar-alfonso-delgado-varela\/\"]}]},{\"@type\":\"BreadcrumbList\",\"@id\":\"https:\/\/c2v2holdingllc.com\/index.php\/cesar-alfonso-delgado-varela\/#breadcrumb\",\"itemListElement\":[{\"@type\":\"ListItem\",\"position\":1,\"name\":\"Portada\",\"item\":\"https:\/\/c2v2holdingllc.com\/\"},{\"@type\":\"ListItem\",\"position\":2,\"name\":\"Cesar Alfonso Delgado Varela\"}]},{\"@type\":\"WebSite\",\"@id\":\"https:\/\/c2v2holdingllc.com\/#website\",\"url\":\"https:\/\/c2v2holdingllc.com\/\",\"name\":\"C2V2 Holding LLC\",\"description\":\"Asesor\u00eda y Planeaci\u00f3n Tributaria\",\"potentialAction\":[{\"@type\":\"SearchAction\",\"target\":{\"@type\":\"EntryPoint\",\"urlTemplate\":\"https:\/\/c2v2holdingllc.com\/?s={search_term_string}\"},\"query-input\":\"required name=search_term_string\"}],\"inLanguage\":\"es\"}]}<\/script>\n<!-- \/ Yoast SEO plugin. -->","yoast_head_json":{"title":"Cesar Alfonso Delgado Varela - C2V2 Holding LLC","robots":{"index":"index","follow":"follow","max-snippet":"max-snippet:-1","max-image-preview":"max-image-preview:large","max-video-preview":"max-video-preview:-1"},"canonical":"https:\/\/c2v2holdingllc.com\/index.php\/cesar-alfonso-delgado-varela\/","og_locale":"es_ES","og_type":"article","og_title":"Cesar Alfonso Delgado Varela - C2V2 Holding LLC","og_url":"https:\/\/c2v2holdingllc.com\/index.php\/cesar-alfonso-delgado-varela\/","og_site_name":"C2V2 Holding LLC","article_modified_time":"2025-07-22T14:13:59+00:00","twitter_card":"summary_large_image","twitter_misc":{"Tiempo de lectura":"3 minutos"},"schema":{"@context":"https:\/\/schema.org","@graph":[{"@type":"WebPage","@id":"https:\/\/c2v2holdingllc.com\/index.php\/cesar-alfonso-delgado-varela\/","url":"https:\/\/c2v2holdingllc.com\/index.php\/cesar-alfonso-delgado-varela\/","name":"Cesar Alfonso Delgado Varela - C2V2 Holding LLC","isPartOf":{"@id":"https:\/\/c2v2holdingllc.com\/#website"},"datePublished":"2024-04-01T17:25:27+00:00","dateModified":"2025-07-22T14:13:59+00:00","breadcrumb":{"@id":"https:\/\/c2v2holdingllc.com\/index.php\/cesar-alfonso-delgado-varela\/#breadcrumb"},"inLanguage":"es","potentialAction":[{"@type":"ReadAction","target":["https:\/\/c2v2holdingllc.com\/index.php\/cesar-alfonso-delgado-varela\/"]}]},{"@type":"BreadcrumbList","@id":"https:\/\/c2v2holdingllc.com\/index.php\/cesar-alfonso-delgado-varela\/#breadcrumb","itemListElement":[{"@type":"ListItem","position":1,"name":"Portada","item":"https:\/\/c2v2holdingllc.com\/"},{"@type":"ListItem","position":2,"name":"Cesar Alfonso Delgado Varela"}]},{"@type":"WebSite","@id":"https:\/\/c2v2holdingllc.com\/#website","url":"https:\/\/c2v2holdingllc.com\/","name":"C2V2 Holding LLC","description":"Asesor\u00eda y Planeaci\u00f3n Tributaria","potentialAction":[{"@type":"SearchAction","target":{"@type":"EntryPoint","urlTemplate":"https:\/\/c2v2holdingllc.com\/?s={search_term_string}"},"query-input":"required name=search_term_string"}],"inLanguage":"es"}]}},"_links":{"self":[{"href":"https:\/\/c2v2holdingllc.com\/index.php\/wp-json\/wp\/v2\/pages\/830"}],"collection":[{"href":"https:\/\/c2v2holdingllc.com\/index.php\/wp-json\/wp\/v2\/pages"}],"about":[{"href":"https:\/\/c2v2holdingllc.com\/index.php\/wp-json\/wp\/v2\/types\/page"}],"author":[{"embeddable":true,"href":"https:\/\/c2v2holdingllc.com\/index.php\/wp-json\/wp\/v2\/users\/1"}],"replies":[{"embeddable":true,"href":"https:\/\/c2v2holdingllc.com\/index.php\/wp-json\/wp\/v2\/comments?post=830"}],"version-history":[{"count":9,"href":"https:\/\/c2v2holdingllc.com\/index.php\/wp-json\/wp\/v2\/pages\/830\/revisions"}],"predecessor-version":[{"id":966,"href":"https:\/\/c2v2holdingllc.com\/index.php\/wp-json\/wp\/v2\/pages\/830\/revisions\/966"}],"wp:attachment":[{"href":"https:\/\/c2v2holdingllc.com\/index.php\/wp-json\/wp\/v2\/media?parent=830"}],"curies":[{"name":"wp","href":"https:\/\/api.w.org\/{rel}","templated":true}]}}